{"id":13036,"date":"2023-11-04T01:55:42","date_gmt":"2023-11-04T00:55:42","guid":{"rendered":"http:\/\/innocentiemangonipiante.it\/metrosideros-tomentosa\/"},"modified":"2023-11-06T15:17:13","modified_gmt":"2023-11-06T14:17:13","slug":"metrosideros-tomentosa","status":"publish","type":"product","link":"https:\/\/innocentiemangonipiante.it\/fr\/metrosideros-tomentosa\/","title":{"rendered":"METROSIDEROS tomentosa"},"content":{"rendered":"<p>Arbre persistant \u00e0 la forme \u00e9rig\u00e9e, feuilles vertes brillantes dessus et blanches feutr\u00e9es dessous. En \u00e9t\u00e9, sur les cymes terminales, fleurs avec des filaments rouges et dor\u00e9s au sommet.<\/p>\n","protected":false},"excerpt":{"rendered":"<p>Arbre persistant \u00e0 la forme \u00e9rig\u00e9e, feuilles vertes brillantes dessus et blanches feutr\u00e9es dessous. En \u00e9t\u00e9, sur les cymes terminales, fleurs avec des filaments rouges et dor\u00e9s au sommet.<\/p>\n","protected":false},"featured_media":4105,"template":"","meta":{"_acf_changed":false},"product_brand":[],"product_cat":[8817],"product_tag":[10897],"class_list":{"0":"post-13036","1":"product","2":"type-product","3":"status-publish","4":"has-post-thumbnail","6":"product_cat-arbres-et-arbustes-persistants","7":"product_tag-naturelle","8":"pa_altezza-massima-15-metres","9":"pa_altezza-massima-20-metres","10":"pa_colore-fioritura-rouge","11":"pa_condizionamento-clt-fr","12":"pa_famiglia-myrtaceae-fr","13":"pa_genere-metrosideros-fr","14":"pa_origine-europe-centrale","15":"pa_periodo-fioritura-avril","16":"pa_periodo-fioritura-juillet","17":"pa_periodo-fioritura-juin","18":"pa_periodo-fioritura-mai","19":"pa_portamento-de-colonne","20":"pa_resistenza-climatica-moyenne","21":"pa_resistenza-del-suolo-resistant-aux-sols-secs","22":"pa_utilizzo-haies","23":"pa_utilizzo-parcs","24":"pa_utilizzo-petits-jardins","26":"first","27":"instock","28":"purchasable","29":"product-type-simple"},"acf":[],"_links":{"self":[{"href":"https:\/\/innocentiemangonipiante.it\/fr\/wp-json\/wp\/v2\/product\/13036","targetHints":{"allow":["GET"]}}],"collection":[{"href":"https:\/\/innocentiemangonipiante.it\/fr\/wp-json\/wp\/v2\/product"}],"about":[{"href":"https:\/\/innocentiemangonipiante.it\/fr\/wp-json\/wp\/v2\/types\/product"}],"wp:featuredmedia":[{"embeddable":true,"href":"https:\/\/innocentiemangonipiante.it\/fr\/wp-json\/wp\/v2\/media\/4105"}],"wp:attachment":[{"href":"https:\/\/innocentiemangonipiante.it\/fr\/wp-json\/wp\/v2\/media?parent=13036"}],"wp:term":[{"taxonomy":"product_brand","embeddable":true,"href":"https:\/\/innocentiemangonipiante.it\/fr\/wp-json\/wp\/v2\/product_brand?post=13036"},{"taxonomy":"product_cat","embeddable":true,"href":"https:\/\/innocentiemangonipiante.it\/fr\/wp-json\/wp\/v2\/product_cat?post=13036"},{"taxonomy":"product_tag","embeddable":true,"href":"https:\/\/innocentiemangonipiante.it\/fr\/wp-json\/wp\/v2\/product_tag?post=13036"}],"curies":[{"name":"wp","href":"https:\/\/api.w.org\/{rel}","templated":true}]}}