{"id":13037,"date":"2023-11-04T01:55:35","date_gmt":"2023-11-04T00:55:35","guid":{"rendered":"http:\/\/innocentiemangonipiante.it\/metrosideros-kermadecensis-variegata\/"},"modified":"2023-11-06T15:16:37","modified_gmt":"2023-11-06T14:16:37","slug":"metrosideros-kermadecensis-variegata","status":"publish","type":"product","link":"https:\/\/innocentiemangonipiante.it\/fr\/metrosideros-kermadecensis-variegata\/","title":{"rendered":"METROSIDEROS kermadecensis &lsquo;Variegata&rsquo;"},"content":{"rendered":"<p>Il a des feuilles bigarr\u00e9es de vert fonc\u00e9 et gris vert, avec d&rsquo;amples marges irr\u00e9guli\u00e8res blanc\/cr\u00e8me.<\/p>\n","protected":false},"excerpt":{"rendered":"<p>Il a des feuilles bigarr\u00e9es de vert fonc\u00e9 et gris vert, avec d&rsquo;amples marges irr\u00e9guli\u00e8res blanc\/cr\u00e8me.<\/p>\n","protected":false},"featured_media":4099,"template":"","meta":{"_acf_changed":false},"product_brand":[],"product_cat":[8817],"product_tag":[10897],"class_list":{"0":"post-13037","1":"product","2":"type-product","3":"status-publish","4":"has-post-thumbnail","6":"product_cat-arbres-et-arbustes-persistants","7":"product_tag-naturelle","8":"pa_altezza-massima-300-fr-2","9":"pa_altezza-massima-500-fr","10":"pa_colore-delle-foglie-panachees","11":"pa_colore-fioritura-rouge","12":"pa_condizionamento-clt-fr","13":"pa_famiglia-myrtaceae-fr","14":"pa_genere-metrosideros-fr","15":"pa_origine-nouvelle-zelande-fr","16":"pa_periodo-fioritura-juillet","17":"pa_periodo-fioritura-juin","18":"pa_portamento-arrondi","19":"pa_resistenza-climatica-tres-faible","20":"pa_salinita-resistance-a-la-salinisation","21":"pa_utilizzo-haies","22":"pa_utilizzo-parcs","23":"pa_utilizzo-petits-jardins","25":"first","26":"instock","27":"purchasable","28":"product-type-simple"},"acf":[],"_links":{"self":[{"href":"https:\/\/innocentiemangonipiante.it\/fr\/wp-json\/wp\/v2\/product\/13037","targetHints":{"allow":["GET"]}}],"collection":[{"href":"https:\/\/innocentiemangonipiante.it\/fr\/wp-json\/wp\/v2\/product"}],"about":[{"href":"https:\/\/innocentiemangonipiante.it\/fr\/wp-json\/wp\/v2\/types\/product"}],"wp:featuredmedia":[{"embeddable":true,"href":"https:\/\/innocentiemangonipiante.it\/fr\/wp-json\/wp\/v2\/media\/4099"}],"wp:attachment":[{"href":"https:\/\/innocentiemangonipiante.it\/fr\/wp-json\/wp\/v2\/media?parent=13037"}],"wp:term":[{"taxonomy":"product_brand","embeddable":true,"href":"https:\/\/innocentiemangonipiante.it\/fr\/wp-json\/wp\/v2\/product_brand?post=13037"},{"taxonomy":"product_cat","embeddable":true,"href":"https:\/\/innocentiemangonipiante.it\/fr\/wp-json\/wp\/v2\/product_cat?post=13037"},{"taxonomy":"product_tag","embeddable":true,"href":"https:\/\/innocentiemangonipiante.it\/fr\/wp-json\/wp\/v2\/product_tag?post=13037"}],"curies":[{"name":"wp","href":"https:\/\/api.w.org\/{rel}","templated":true}]}}