{"id":13038,"date":"2023-11-04T01:57:56","date_gmt":"2023-11-04T00:57:56","guid":{"rendered":"http:\/\/innocentiemangonipiante.it\/morus-alba-globosa\/"},"modified":"2023-11-06T15:18:02","modified_gmt":"2023-11-06T14:18:02","slug":"morus-alba-globosa","status":"publish","type":"product","link":"https:\/\/innocentiemangonipiante.it\/fr\/morus-alba-globosa\/","title":{"rendered":"MORUS alba &lsquo;Globosa&rsquo;"},"content":{"rendered":"<p>Petit arbre au feuillage r\u00e9gulier, sph\u00e9rique, \u00e0 croissance lente, atteignant 1-2 m de hauteur et une largeur similaire. Vari\u00e9t\u00e9 tr\u00e8s int\u00e9ressante pour les petits jardins.<\/p>\n","protected":false},"excerpt":{"rendered":"<p>Petit arbre au feuillage r\u00e9gulier, sph\u00e9rique, \u00e0 croissance lente, atteignant 1-2 m de hauteur et une largeur similaire. Vari\u00e9t\u00e9 tr\u00e8s int\u00e9ressante pour les petits jardins.<\/p>\n","protected":false},"featured_media":23353,"template":"","meta":{"_acf_changed":false},"product_brand":[],"product_cat":[8812],"product_tag":[10897],"class_list":{"0":"post-13038","1":"product","2":"type-product","3":"status-publish","4":"has-post-thumbnail","6":"product_cat-arbres-et-arbustes-a-feuilles-caduques","7":"product_tag-naturelle","8":"pa_altezza-massima-100-fr","9":"pa_altezza-massima-200-fr","10":"pa_colore-fioritura-jaune","11":"pa_famiglia-moraceae-fr","12":"pa_genere-morus-fr","13":"pa_inquinamento-resistance-a-la-pollution","14":"pa_origine-asie-orientale","15":"pa_periodo-fioritura-avril","16":"pa_periodo-fruttificazione-juillet","17":"pa_periodo-fruttificazione-juin","18":"pa_portamento-arrondi","19":"pa_resistenza-climatica-moyenne-elevee","20":"pa_salinita-resistance-a-la-salinisation","21":"pa_utilizzo-petits-jardins","23":"first","24":"instock","25":"purchasable","26":"product-type-simple"},"acf":[],"_links":{"self":[{"href":"https:\/\/innocentiemangonipiante.it\/fr\/wp-json\/wp\/v2\/product\/13038","targetHints":{"allow":["GET"]}}],"collection":[{"href":"https:\/\/innocentiemangonipiante.it\/fr\/wp-json\/wp\/v2\/product"}],"about":[{"href":"https:\/\/innocentiemangonipiante.it\/fr\/wp-json\/wp\/v2\/types\/product"}],"wp:featuredmedia":[{"embeddable":true,"href":"https:\/\/innocentiemangonipiante.it\/fr\/wp-json\/wp\/v2\/media\/23353"}],"wp:attachment":[{"href":"https:\/\/innocentiemangonipiante.it\/fr\/wp-json\/wp\/v2\/media?parent=13038"}],"wp:term":[{"taxonomy":"product_brand","embeddable":true,"href":"https:\/\/innocentiemangonipiante.it\/fr\/wp-json\/wp\/v2\/product_brand?post=13038"},{"taxonomy":"product_cat","embeddable":true,"href":"https:\/\/innocentiemangonipiante.it\/fr\/wp-json\/wp\/v2\/product_cat?post=13038"},{"taxonomy":"product_tag","embeddable":true,"href":"https:\/\/innocentiemangonipiante.it\/fr\/wp-json\/wp\/v2\/product_tag?post=13038"}],"curies":[{"name":"wp","href":"https:\/\/api.w.org\/{rel}","templated":true}]}}