{"id":13040,"date":"2023-11-04T01:58:20","date_gmt":"2023-11-04T00:58:20","guid":{"rendered":"http:\/\/innocentiemangonipiante.it\/morus-platanifolia\/"},"modified":"2023-11-06T15:18:15","modified_gmt":"2023-11-06T14:18:15","slug":"morus-platanifolia","status":"publish","type":"product","link":"https:\/\/innocentiemangonipiante.it\/fr\/morus-platanifolia\/","title":{"rendered":"MORUS platanifolia"},"content":{"rendered":"<p>Arbre \u00e0 feuilles caduques, port t\u00eate horizontale. Les feuilles sont palm\u00e9es \u00e0 lobes profonds comme celles des Platanus, d\u2019une couleur vert luisant. Donne des fruits \u00e0 la fin du printemps-\u00e9t\u00e9 de couleur rose-rouge. Les fruits avortent si la plante est taill\u00e9e s\u00e9v\u00e8rement tous les ans.<\/p>\n","protected":false},"excerpt":{"rendered":"<p>Arbre \u00e0 feuilles caduques, port t\u00eate horizontale. Les feuilles sont palm\u00e9es \u00e0 lobes profonds comme celles des Platanus, d\u2019une couleur vert luisant. Donne des fruits \u00e0 la fin du printemps-\u00e9t\u00e9 de couleur rose-rouge. Les fruits avortent si la plante est taill\u00e9e s\u00e9v\u00e8rement tous les ans.<\/p>\n","protected":false},"featured_media":4135,"template":"","meta":{"_acf_changed":false},"product_brand":[],"product_cat":[8812],"product_tag":[10897,8400,8432],"class_list":{"0":"post-13040","1":"product","2":"type-product","3":"status-publish","4":"has-post-thumbnail","6":"product_cat-arbres-et-arbustes-a-feuilles-caduques","7":"product_tag-naturelle","8":"product_tag-tige","9":"product_tag-tige-plateau-dombrage","10":"pa_altezza-massima-500-fr","11":"pa_altezza-massima-1000-fr-2","12":"pa_condizionamento-clt-fr","13":"pa_condizionamento-motte","14":"pa_famiglia-moraceae-fr","15":"pa_genere-morus-fr","16":"pa_inquinamento-resistance-a-la-pollution","17":"pa_origine-asie-orientale","18":"pa_periodo-fruttificazione-juin","19":"pa_periodo-fruttificazione-mai","20":"pa_portamento-arrondi","21":"pa_resistenza-climatica-tres-elevee","22":"pa_resistenza-del-suolo-resistant-aux-sols-calcaires","23":"pa_resistenza-del-suolo-resistant-aux-sols-pauvres","24":"pa_resistenza-del-suolo-resistant-aux-sols-secs","25":"pa_salinita-resistance-a-la-salinisation","26":"pa_utilizzo-parcs","28":"first","29":"instock","30":"purchasable","31":"product-type-simple"},"acf":[],"_links":{"self":[{"href":"https:\/\/innocentiemangonipiante.it\/fr\/wp-json\/wp\/v2\/product\/13040","targetHints":{"allow":["GET"]}}],"collection":[{"href":"https:\/\/innocentiemangonipiante.it\/fr\/wp-json\/wp\/v2\/product"}],"about":[{"href":"https:\/\/innocentiemangonipiante.it\/fr\/wp-json\/wp\/v2\/types\/product"}],"wp:featuredmedia":[{"embeddable":true,"href":"https:\/\/innocentiemangonipiante.it\/fr\/wp-json\/wp\/v2\/media\/4135"}],"wp:attachment":[{"href":"https:\/\/innocentiemangonipiante.it\/fr\/wp-json\/wp\/v2\/media?parent=13040"}],"wp:term":[{"taxonomy":"product_brand","embeddable":true,"href":"https:\/\/innocentiemangonipiante.it\/fr\/wp-json\/wp\/v2\/product_brand?post=13040"},{"taxonomy":"product_cat","embeddable":true,"href":"https:\/\/innocentiemangonipiante.it\/fr\/wp-json\/wp\/v2\/product_cat?post=13040"},{"taxonomy":"product_tag","embeddable":true,"href":"https:\/\/innocentiemangonipiante.it\/fr\/wp-json\/wp\/v2\/product_tag?post=13040"}],"curies":[{"name":"wp","href":"https:\/\/api.w.org\/{rel}","templated":true}]}}