{"id":13041,"date":"2023-11-04T01:58:12","date_gmt":"2023-11-04T00:58:12","guid":{"rendered":"http:\/\/innocentiemangonipiante.it\/morus-nigra\/"},"modified":"2023-11-06T15:18:08","modified_gmt":"2023-11-06T14:18:08","slug":"morus-nigra","status":"publish","type":"product","link":"https:\/\/innocentiemangonipiante.it\/fr\/morus-nigra\/","title":{"rendered":"MORUS nigra"},"content":{"rendered":"<p>Arbre \u00e0 feuilles caduques aux feuilles ov\u00e9es, dentel\u00e9es, de couleur verte, rugueuses sur la face inf\u00e9rieure. En \u00e9t\u00e9, il donne des fruits verts qui virent au rouge pourpre en m\u00fbrissant.<\/p>\n","protected":false},"excerpt":{"rendered":"<p>Arbre \u00e0 feuilles caduques aux feuilles ov\u00e9es, dentel\u00e9es, de couleur verte, rugueuses sur la face inf\u00e9rieure. En \u00e9t\u00e9, il donne des fruits verts qui virent au rouge pourpre en m\u00fbrissant.<\/p>\n","protected":false},"featured_media":4129,"template":"","meta":{"_acf_changed":false},"product_brand":[],"product_cat":[8812],"product_tag":[10897,8400],"class_list":{"0":"post-13041","1":"product","2":"type-product","3":"status-publish","4":"has-post-thumbnail","6":"product_cat-arbres-et-arbustes-a-feuilles-caduques","7":"product_tag-naturelle","8":"product_tag-tige","9":"pa_altezza-massima-800-fr","10":"pa_altezza-massima-12-metres","11":"pa_colore-fioritura-jaune","12":"pa_condizionamento-clt-fr","13":"pa_condizionamento-motte","14":"pa_famiglia-moraceae-fr","15":"pa_genere-morus-fr","16":"pa_inquinamento-resistance-a-la-pollution","17":"pa_origine-moyen-orient","18":"pa_periodo-fioritura-avril","19":"pa_periodo-fruttificazione-aout","20":"pa_periodo-fruttificazione-juillet","21":"pa_portamento-arrondi","22":"pa_resistenza-climatica-tres-elevee","23":"pa_resistenza-del-suolo-resistant-aux-sols-calcaires","24":"pa_resistenza-del-suolo-resistant-aux-sols-secs","25":"pa_salinita-resistance-a-la-salinisation","26":"pa_utilizzo-parcs","28":"first","29":"instock","30":"purchasable","31":"product-type-simple"},"acf":[],"_links":{"self":[{"href":"https:\/\/innocentiemangonipiante.it\/fr\/wp-json\/wp\/v2\/product\/13041","targetHints":{"allow":["GET"]}}],"collection":[{"href":"https:\/\/innocentiemangonipiante.it\/fr\/wp-json\/wp\/v2\/product"}],"about":[{"href":"https:\/\/innocentiemangonipiante.it\/fr\/wp-json\/wp\/v2\/types\/product"}],"wp:featuredmedia":[{"embeddable":true,"href":"https:\/\/innocentiemangonipiante.it\/fr\/wp-json\/wp\/v2\/media\/4129"}],"wp:attachment":[{"href":"https:\/\/innocentiemangonipiante.it\/fr\/wp-json\/wp\/v2\/media?parent=13041"}],"wp:term":[{"taxonomy":"product_brand","embeddable":true,"href":"https:\/\/innocentiemangonipiante.it\/fr\/wp-json\/wp\/v2\/product_brand?post=13041"},{"taxonomy":"product_cat","embeddable":true,"href":"https:\/\/innocentiemangonipiante.it\/fr\/wp-json\/wp\/v2\/product_cat?post=13041"},{"taxonomy":"product_tag","embeddable":true,"href":"https:\/\/innocentiemangonipiante.it\/fr\/wp-json\/wp\/v2\/product_tag?post=13041"}],"curies":[{"name":"wp","href":"https:\/\/api.w.org\/{rel}","templated":true}]}}