{"id":13042,"date":"2023-11-04T01:58:05","date_gmt":"2023-11-04T00:58:05","guid":{"rendered":"http:\/\/innocentiemangonipiante.it\/morus-alba-pendula\/"},"modified":"2023-11-06T15:18:04","modified_gmt":"2023-11-06T14:18:04","slug":"morus-alba-pendula","status":"publish","type":"product","link":"https:\/\/innocentiemangonipiante.it\/fr\/morus-alba-pendula\/","title":{"rendered":"MORUS alba &lsquo;Pendula&rsquo;"},"content":{"rendered":"<p>\u201cM\u00fbrier pleureur\u201d. Arbre retombant caduc. \u00c0 l\u2019endroit de la greffe, il onne des jets pendants qui arrivent rapidement au sol les feuilles sont ov\u00e9es, de couleur verte et virent au jaune en automne. \u00c0 la fin du printemps-\u00e9t\u00e9, il donne des fruits blancs insipides qui deviennent de couleur rose-rouge en m\u00fbrissant.<\/p>\n","protected":false},"excerpt":{"rendered":"<p>\u201cM\u00fbrier pleureur\u201d. Arbre retombant caduc. \u00c0 l\u2019endroit de la greffe, il onne des jets pendants qui arrivent rapidement au sol les feuilles sont ov\u00e9es, de couleur verte et virent au jaune en automne. \u00c0 la fin du printemps-\u00e9t\u00e9, il donne des fruits blancs insipides qui deviennent de couleur rose-rouge en m\u00fbrissant.<\/p>\n","protected":false},"featured_media":4118,"template":"","meta":{"_acf_changed":false},"product_brand":[],"product_cat":[8812],"product_tag":[10897,6255,8400],"class_list":{"0":"post-13042","1":"product","2":"type-product","3":"status-publish","4":"has-post-thumbnail","6":"product_cat-arbres-et-arbustes-a-feuilles-caduques","7":"product_tag-naturelle","8":"product_tag-demi-tige","9":"product_tag-tige","10":"pa_altezza-massima-300-fr-2","11":"pa_altezza-massima-500-fr","12":"pa_colore-fioritura-jaune","13":"pa_condizionamento-clt-fr","14":"pa_condizionamento-motte","15":"pa_famiglia-moraceae-fr","16":"pa_genere-morus-fr","17":"pa_inquinamento-resistance-a-la-pollution","18":"pa_origine-italie","19":"pa_periodo-fioritura-avril","20":"pa_periodo-fruttificazione-juin","21":"pa_periodo-fruttificazione-mai","22":"pa_portamento-pleureur","23":"pa_resistenza-climatica-tres-elevee","24":"pa_resistenza-del-suolo-resistant-aux-sols-calcaires","25":"pa_resistenza-del-suolo-resistant-aux-sols-secs","26":"pa_salinita-resistance-a-la-salinisation","27":"pa_utilizzo-parcs","28":"pa_utilizzo-petits-jardins","30":"first","31":"instock","32":"purchasable","33":"product-type-simple"},"acf":[],"_links":{"self":[{"href":"https:\/\/innocentiemangonipiante.it\/fr\/wp-json\/wp\/v2\/product\/13042","targetHints":{"allow":["GET"]}}],"collection":[{"href":"https:\/\/innocentiemangonipiante.it\/fr\/wp-json\/wp\/v2\/product"}],"about":[{"href":"https:\/\/innocentiemangonipiante.it\/fr\/wp-json\/wp\/v2\/types\/product"}],"wp:featuredmedia":[{"embeddable":true,"href":"https:\/\/innocentiemangonipiante.it\/fr\/wp-json\/wp\/v2\/media\/4118"}],"wp:attachment":[{"href":"https:\/\/innocentiemangonipiante.it\/fr\/wp-json\/wp\/v2\/media?parent=13042"}],"wp:term":[{"taxonomy":"product_brand","embeddable":true,"href":"https:\/\/innocentiemangonipiante.it\/fr\/wp-json\/wp\/v2\/product_brand?post=13042"},{"taxonomy":"product_cat","embeddable":true,"href":"https:\/\/innocentiemangonipiante.it\/fr\/wp-json\/wp\/v2\/product_cat?post=13042"},{"taxonomy":"product_tag","embeddable":true,"href":"https:\/\/innocentiemangonipiante.it\/fr\/wp-json\/wp\/v2\/product_tag?post=13042"}],"curies":[{"name":"wp","href":"https:\/\/api.w.org\/{rel}","templated":true}]}}