{"id":13044,"date":"2023-11-04T01:59:16","date_gmt":"2023-11-04T00:59:16","guid":{"rendered":"http:\/\/innocentiemangonipiante.it\/musa-basjoo-sakhalin\/"},"modified":"2023-11-06T15:18:49","modified_gmt":"2023-11-06T14:18:49","slug":"musa-basjoo-sakhalin","status":"publish","type":"product","link":"https:\/\/innocentiemangonipiante.it\/fr\/musa-basjoo-sakhalin\/","title":{"rendered":"MUSA basjoo &lsquo;Sakhalin&rsquo;"},"content":{"rendered":"<p>Plante vivace, rejetante avec faux tiges fusel\u00e9es, d\u2019abord verts apr\u00e8s similaire au papier avec l\u2019\u00e2ge. Feuilles arqu\u00e9es vertes jusqu\u2019\u00e0 3 mt de longueur. En \u00e9t\u00e9 il produit des fleurs jaune clair, suivies par des fruits verd-jaune\u00e2tres de go\u00fbt d\u00e9sagr\u00e9able jusqu\u2019\u00e0 6cm longues. Cr\u00e8me en \u00e9t\u00e9.<\/p>\n","protected":false},"excerpt":{"rendered":"<p>Plante vivace, rejetante avec faux tiges fusel\u00e9es, d\u2019abord verts apr\u00e8s similaire au papier avec l\u2019\u00e2ge. Feuilles arqu\u00e9es vertes jusqu\u2019\u00e0 3 mt de longueur. En \u00e9t\u00e9 il produit des fleurs jaune clair, suivies par des fruits verd-jaune\u00e2tres de go\u00fbt d\u00e9sagr\u00e9able jusqu\u2019\u00e0 6cm longues. Cr\u00e8me en \u00e9t\u00e9.<\/p>\n","protected":false},"featured_media":51369,"template":"","meta":{"_acf_changed":false},"product_brand":[],"product_cat":[8833],"product_tag":[10897],"class_list":{"0":"post-13044","1":"product","2":"type-product","3":"status-publish","4":"has-post-thumbnail","6":"product_cat-palme-et-succulent","7":"product_tag-naturelle","8":"pa_altezza-massima-300-fr-2","9":"pa_altezza-massima-500-fr","10":"pa_colore-fioritura-jaune","11":"pa_condizionamento-clt-fr","12":"pa_famiglia-musaceae-fr-fr","13":"pa_genere-musa-fr","14":"pa_origine-asie-orientale","15":"pa_portamento-eretto-fr","16":"pa_resistenza-climatica-moyenne","17":"pa_utilizzo-balcons","18":"pa_utilizzo-parcs","19":"pa_utilizzo-petits-jardins","21":"first","22":"instock","23":"purchasable","24":"product-type-simple"},"acf":[],"_links":{"self":[{"href":"https:\/\/innocentiemangonipiante.it\/fr\/wp-json\/wp\/v2\/product\/13044","targetHints":{"allow":["GET"]}}],"collection":[{"href":"https:\/\/innocentiemangonipiante.it\/fr\/wp-json\/wp\/v2\/product"}],"about":[{"href":"https:\/\/innocentiemangonipiante.it\/fr\/wp-json\/wp\/v2\/types\/product"}],"wp:featuredmedia":[{"embeddable":true,"href":"https:\/\/innocentiemangonipiante.it\/fr\/wp-json\/wp\/v2\/media\/51369"}],"wp:attachment":[{"href":"https:\/\/innocentiemangonipiante.it\/fr\/wp-json\/wp\/v2\/media?parent=13044"}],"wp:term":[{"taxonomy":"product_brand","embeddable":true,"href":"https:\/\/innocentiemangonipiante.it\/fr\/wp-json\/wp\/v2\/product_brand?post=13044"},{"taxonomy":"product_cat","embeddable":true,"href":"https:\/\/innocentiemangonipiante.it\/fr\/wp-json\/wp\/v2\/product_cat?post=13044"},{"taxonomy":"product_tag","embeddable":true,"href":"https:\/\/innocentiemangonipiante.it\/fr\/wp-json\/wp\/v2\/product_tag?post=13044"}],"curies":[{"name":"wp","href":"https:\/\/api.w.org\/{rel}","templated":true}]}}