{"id":13045,"date":"2023-11-04T01:59:29","date_gmt":"2023-11-04T00:59:29","guid":{"rendered":"http:\/\/innocentiemangonipiante.it\/musa-sikkimensis-red-tiger\/"},"modified":"2023-11-06T15:18:55","modified_gmt":"2023-11-06T14:18:55","slug":"musa-sikkimensis-red-tiger","status":"publish","type":"product","link":"https:\/\/innocentiemangonipiante.it\/fr\/musa-sikkimensis-red-tiger\/","title":{"rendered":"MUSA sikkimensis &lsquo;Red Tiger&rsquo;"},"content":{"rendered":"<p>Belle vari\u00e9t\u00e9 caract\u00e9ris\u00e9e par de tr\u00e8s grandes feuilles stri\u00e9es de pourpre.<\/p>\n","protected":false},"excerpt":{"rendered":"<p>Belle vari\u00e9t\u00e9 caract\u00e9ris\u00e9e par de tr\u00e8s grandes feuilles stri\u00e9es de pourpre.<\/p>\n","protected":false},"featured_media":4150,"template":"","meta":{"_acf_changed":false},"product_brand":[],"product_cat":[8833],"product_tag":[10897],"class_list":{"0":"post-13045","1":"product","2":"type-product","3":"status-publish","4":"has-post-thumbnail","6":"product_cat-palme-et-succulent","7":"product_tag-naturelle","8":"pa_altezza-massima-300-fr-2","9":"pa_altezza-massima-500-fr","10":"pa_colore-delle-foglie-panachees","11":"pa_condizionamento-clt-fr","12":"pa_famiglia-musaceae-fr-fr","13":"pa_genere-musa-fr","14":"pa_origine-inde","15":"pa_periodo-fruttificazione-aout","16":"pa_portamento-eretto-fr","17":"pa_resistenza-climatica-plantes-avec-une-faible-resistance-climatique","18":"pa_utilizzo-parcs","19":"pa_utilizzo-petits-jardins","21":"first","22":"instock","23":"purchasable","24":"product-type-simple"},"acf":[],"_links":{"self":[{"href":"https:\/\/innocentiemangonipiante.it\/fr\/wp-json\/wp\/v2\/product\/13045","targetHints":{"allow":["GET"]}}],"collection":[{"href":"https:\/\/innocentiemangonipiante.it\/fr\/wp-json\/wp\/v2\/product"}],"about":[{"href":"https:\/\/innocentiemangonipiante.it\/fr\/wp-json\/wp\/v2\/types\/product"}],"wp:featuredmedia":[{"embeddable":true,"href":"https:\/\/innocentiemangonipiante.it\/fr\/wp-json\/wp\/v2\/media\/4150"}],"wp:attachment":[{"href":"https:\/\/innocentiemangonipiante.it\/fr\/wp-json\/wp\/v2\/media?parent=13045"}],"wp:term":[{"taxonomy":"product_brand","embeddable":true,"href":"https:\/\/innocentiemangonipiante.it\/fr\/wp-json\/wp\/v2\/product_brand?post=13045"},{"taxonomy":"product_cat","embeddable":true,"href":"https:\/\/innocentiemangonipiante.it\/fr\/wp-json\/wp\/v2\/product_cat?post=13045"},{"taxonomy":"product_tag","embeddable":true,"href":"https:\/\/innocentiemangonipiante.it\/fr\/wp-json\/wp\/v2\/product_tag?post=13045"}],"curies":[{"name":"wp","href":"https:\/\/api.w.org\/{rel}","templated":true}]}}