{"id":13048,"date":"2023-11-04T01:59:48","date_gmt":"2023-11-04T00:59:48","guid":{"rendered":"http:\/\/innocentiemangonipiante.it\/myrtus-communis-tarentina\/"},"modified":"2023-11-06T15:19:02","modified_gmt":"2023-11-06T14:19:02","slug":"myrtus-communis-tarentina","status":"publish","type":"product","link":"https:\/\/innocentiemangonipiante.it\/fr\/myrtus-communis-tarentina\/","title":{"rendered":"MYRTUS communis &lsquo;Tarentina&rsquo;"},"content":{"rendered":"<p>S\u00e9lection au port plus compact et arrondi avec des feuilles elliptiques de 1 \u00e0 2 cm de long. Elle produit des fleurs de couleur cr\u00e8me nuanc\u00e9es de rose et suivies de baies de couleur vert clair- cr\u00e8me.<\/p>\n","protected":false},"excerpt":{"rendered":"<p>S\u00e9lection au port plus compact et arrondi avec des feuilles elliptiques de 1 \u00e0 2 cm de long. Elle produit des fleurs de couleur cr\u00e8me nuanc\u00e9es de rose et suivies de baies de couleur vert clair- cr\u00e8me.<\/p>\n","protected":false},"featured_media":4162,"template":"","meta":{"_acf_changed":false},"product_brand":[],"product_cat":[8817,9230],"product_tag":[10897],"class_list":{"0":"post-13048","1":"product","2":"type-product","3":"status-publish","4":"has-post-thumbnail","6":"product_cat-arbres-et-arbustes-persistants","7":"product_cat-arbres-et-plantes-du-futur","8":"product_tag-naturelle","9":"pa_altezza-massima-300-fr-2","10":"pa_altezza-massima-500-fr","11":"pa_colore-fioritura-blanc","12":"pa_condizionamento-clt-fr","13":"pa_condizionamento-vs-fr","14":"pa_famiglia-myrtaceae-fr","15":"pa_genere-myrtus-fr","16":"pa_origine-europe-mediterraneenne","17":"pa_periodo-fioritura-juillet","18":"pa_periodo-fioritura-juin","19":"pa_periodo-fioritura-mai","20":"pa_periodo-fruttificazione-decembre","21":"pa_periodo-fruttificazione-janvier","22":"pa_periodo-fruttificazione-novembre-fr","23":"pa_portamento-cespuglioso-fr","24":"pa_resistenza-climatica-tres-elevee","25":"pa_resistenza-del-suolo-resistant-aux-sols-calcaires","26":"pa_resistenza-del-suolo-resistant-aux-sols-secs","27":"pa_salinita-resistance-a-la-salinisation","28":"pa_utilizzo-haies","29":"pa_utilizzo-parcs","30":"pa_utilizzo-petits-jardins","32":"first","33":"instock","34":"purchasable","35":"product-type-simple"},"acf":[],"_links":{"self":[{"href":"https:\/\/innocentiemangonipiante.it\/fr\/wp-json\/wp\/v2\/product\/13048","targetHints":{"allow":["GET"]}}],"collection":[{"href":"https:\/\/innocentiemangonipiante.it\/fr\/wp-json\/wp\/v2\/product"}],"about":[{"href":"https:\/\/innocentiemangonipiante.it\/fr\/wp-json\/wp\/v2\/types\/product"}],"wp:featuredmedia":[{"embeddable":true,"href":"https:\/\/innocentiemangonipiante.it\/fr\/wp-json\/wp\/v2\/media\/4162"}],"wp:attachment":[{"href":"https:\/\/innocentiemangonipiante.it\/fr\/wp-json\/wp\/v2\/media?parent=13048"}],"wp:term":[{"taxonomy":"product_brand","embeddable":true,"href":"https:\/\/innocentiemangonipiante.it\/fr\/wp-json\/wp\/v2\/product_brand?post=13048"},{"taxonomy":"product_cat","embeddable":true,"href":"https:\/\/innocentiemangonipiante.it\/fr\/wp-json\/wp\/v2\/product_cat?post=13048"},{"taxonomy":"product_tag","embeddable":true,"href":"https:\/\/innocentiemangonipiante.it\/fr\/wp-json\/wp\/v2\/product_tag?post=13048"}],"curies":[{"name":"wp","href":"https:\/\/api.w.org\/{rel}","templated":true}]}}