{"id":13049,"date":"2023-11-04T01:59:42","date_gmt":"2023-11-04T00:59:42","guid":{"rendered":"http:\/\/innocentiemangonipiante.it\/myrtus-communis\/"},"modified":"2023-11-06T15:19:00","modified_gmt":"2023-11-06T14:19:00","slug":"myrtus-communis","status":"publish","type":"product","link":"https:\/\/innocentiemangonipiante.it\/fr\/myrtus-communis\/","title":{"rendered":"MYRTUS communis"},"content":{"rendered":"<p>Arbuste \u00e0 feuillage persistant, touffu, avec des feuilles luisantes de couleur vert fonc\u00e9. \u00c0 partir de la moiti\u00e9 ou fin de l\u2019\u00e9t\u00e9 il produit des fleurs \u00e0 5 p\u00e9tales de couleur blanche suivies de baies de couleur noire.<\/p>\n","protected":false},"excerpt":{"rendered":"<p>Arbuste \u00e0 feuillage persistant, touffu, avec des feuilles luisantes de couleur vert fonc\u00e9. \u00c0 partir de la moiti\u00e9 ou fin de l\u2019\u00e9t\u00e9 il produit des fleurs \u00e0 5 p\u00e9tales de couleur blanche suivies de baies de couleur noire.<\/p>\n","protected":false},"featured_media":4156,"template":"","meta":{"_acf_changed":false},"product_brand":[],"product_cat":[8817,9230],"product_tag":[10897],"class_list":{"0":"post-13049","1":"product","2":"type-product","3":"status-publish","4":"has-post-thumbnail","6":"product_cat-arbres-et-arbustes-persistants","7":"product_cat-arbres-et-plantes-du-futur","8":"product_tag-naturelle","9":"pa_altezza-massima-200-fr","10":"pa_altezza-massima-400-fr","11":"pa_colore-fioritura-blanc","12":"pa_condizionamento-clt-fr","13":"pa_condizionamento-vs-fr","14":"pa_famiglia-myrtaceae-fr","15":"pa_genere-myrtus-fr","16":"pa_origine-europe-mediterraneenne","17":"pa_periodo-fioritura-aout","18":"pa_periodo-fioritura-juillet","19":"pa_periodo-fruttificazione-decembre","20":"pa_periodo-fruttificazione-novembre-fr","21":"pa_portamento-cespuglioso-fr","22":"pa_resistenza-climatica-tres-elevee","23":"pa_resistenza-del-suolo-resistant-aux-sols-calcaires","24":"pa_resistenza-del-suolo-resistant-aux-sols-secs","25":"pa_salinita-resistance-a-la-salinisation","26":"pa_utilizzo-parcs","27":"pa_utilizzo-petits-jardins","29":"first","30":"instock","31":"purchasable","32":"product-type-simple"},"acf":[],"_links":{"self":[{"href":"https:\/\/innocentiemangonipiante.it\/fr\/wp-json\/wp\/v2\/product\/13049","targetHints":{"allow":["GET"]}}],"collection":[{"href":"https:\/\/innocentiemangonipiante.it\/fr\/wp-json\/wp\/v2\/product"}],"about":[{"href":"https:\/\/innocentiemangonipiante.it\/fr\/wp-json\/wp\/v2\/types\/product"}],"wp:featuredmedia":[{"embeddable":true,"href":"https:\/\/innocentiemangonipiante.it\/fr\/wp-json\/wp\/v2\/media\/4156"}],"wp:attachment":[{"href":"https:\/\/innocentiemangonipiante.it\/fr\/wp-json\/wp\/v2\/media?parent=13049"}],"wp:term":[{"taxonomy":"product_brand","embeddable":true,"href":"https:\/\/innocentiemangonipiante.it\/fr\/wp-json\/wp\/v2\/product_brand?post=13049"},{"taxonomy":"product_cat","embeddable":true,"href":"https:\/\/innocentiemangonipiante.it\/fr\/wp-json\/wp\/v2\/product_cat?post=13049"},{"taxonomy":"product_tag","embeddable":true,"href":"https:\/\/innocentiemangonipiante.it\/fr\/wp-json\/wp\/v2\/product_tag?post=13049"}],"curies":[{"name":"wp","href":"https:\/\/api.w.org\/{rel}","templated":true}]}}