{"id":13050,"date":"2023-11-04T02:01:23","date_gmt":"2023-11-04T01:01:23","guid":{"rendered":"http:\/\/innocentiemangonipiante.it\/nandina-domestica-twilight\/"},"modified":"2023-11-06T15:19:59","modified_gmt":"2023-11-06T14:19:59","slug":"nandina-domestica-twilight","status":"publish","type":"product","link":"https:\/\/innocentiemangonipiante.it\/fr\/nandina-domestica-twilight\/","title":{"rendered":"NANDINA domestica &lsquo;Twilight&rsquo; \u00ae"},"content":{"rendered":"<p>Arbuste persistant caract\u00e9ris\u00e9 par des feuilles vertes avec des rayures cr\u00e8me et roses pendant le printemps. Les couleurs deviennent plus intenses en automne.<\/p>\n","protected":false},"excerpt":{"rendered":"<p>Arbuste persistant caract\u00e9ris\u00e9 par des feuilles vertes avec des rayures cr\u00e8me et roses pendant le printemps. Les couleurs deviennent plus intenses en automne.<\/p>\n","protected":false},"featured_media":4204,"template":"","meta":{"_acf_changed":false},"product_brand":[],"product_cat":[8817],"product_tag":[10897],"class_list":{"0":"post-13050","1":"product","2":"type-product","3":"status-publish","4":"has-post-thumbnail","6":"product_cat-arbres-et-arbustes-persistants","7":"product_tag-naturelle","8":"pa_altezza-massima-150-fr","9":"pa_altezza-massima-200-fr","10":"pa_colore-delle-foglie-panachees","11":"pa_colore-fioritura-blanc","12":"pa_condizionamento-clt-fr","13":"pa_condizionamento-vs-fr","14":"pa_famiglia-berberidaceae-fr","15":"pa_genere-nandina-fr","16":"pa_origine-chine","17":"pa_origine-japon","18":"pa_periodo-fioritura-juillet","19":"pa_periodo-fruttificazione-novembre-fr","20":"pa_portamento-eretto-fr","21":"pa_resistenza-climatica-tres-elevee","22":"pa_utilizzo-balcons","23":"pa_utilizzo-haies","24":"pa_utilizzo-parcs","25":"pa_utilizzo-petits-jardins","27":"first","28":"instock","29":"purchasable","30":"product-type-simple"},"acf":[],"_links":{"self":[{"href":"https:\/\/innocentiemangonipiante.it\/fr\/wp-json\/wp\/v2\/product\/13050","targetHints":{"allow":["GET"]}}],"collection":[{"href":"https:\/\/innocentiemangonipiante.it\/fr\/wp-json\/wp\/v2\/product"}],"about":[{"href":"https:\/\/innocentiemangonipiante.it\/fr\/wp-json\/wp\/v2\/types\/product"}],"wp:featuredmedia":[{"embeddable":true,"href":"https:\/\/innocentiemangonipiante.it\/fr\/wp-json\/wp\/v2\/media\/4204"}],"wp:attachment":[{"href":"https:\/\/innocentiemangonipiante.it\/fr\/wp-json\/wp\/v2\/media?parent=13050"}],"wp:term":[{"taxonomy":"product_brand","embeddable":true,"href":"https:\/\/innocentiemangonipiante.it\/fr\/wp-json\/wp\/v2\/product_brand?post=13050"},{"taxonomy":"product_cat","embeddable":true,"href":"https:\/\/innocentiemangonipiante.it\/fr\/wp-json\/wp\/v2\/product_cat?post=13050"},{"taxonomy":"product_tag","embeddable":true,"href":"https:\/\/innocentiemangonipiante.it\/fr\/wp-json\/wp\/v2\/product_tag?post=13050"}],"curies":[{"name":"wp","href":"https:\/\/api.w.org\/{rel}","templated":true}]}}