{"id":13052,"date":"2023-11-04T02:00:50","date_gmt":"2023-11-04T01:00:50","guid":{"rendered":"http:\/\/innocentiemangonipiante.it\/nandina-domestica-lemon-lime\/"},"modified":"2023-11-06T15:19:36","modified_gmt":"2023-11-06T14:19:36","slug":"nandina-domestica-lemon-lime","status":"publish","type":"product","link":"https:\/\/innocentiemangonipiante.it\/fr\/nandina-domestica-lemon-lime\/","title":{"rendered":"NANDINA domestica &lsquo;Lemon-Lime&rsquo; \u00ae"},"content":{"rendered":"<p>Vari\u00e9t\u00e9 naine. V\u00e9g\u00e9tation vert citron pendant toute l\u2019ann\u00e9e.<\/p>\n","protected":false},"excerpt":{"rendered":"<p>Vari\u00e9t\u00e9 naine. V\u00e9g\u00e9tation vert citron pendant toute l\u2019ann\u00e9e.<\/p>\n","protected":false},"featured_media":4192,"template":"","meta":{"_acf_changed":false},"product_brand":[],"product_cat":[8817],"product_tag":[10897],"class_list":{"0":"post-13052","1":"product","2":"type-product","3":"status-publish","4":"has-post-thumbnail","6":"product_cat-arbres-et-arbustes-persistants","7":"product_tag-naturelle","8":"pa_altezza-massima-0_50-metres","9":"pa_altezza-massima-0_75-metres","10":"pa_colore-delle-foglie-jaune","11":"pa_colore-fioritura-blanc","12":"pa_condizionamento-clt-fr","13":"pa_condizionamento-vs-fr","14":"pa_famiglia-berberidaceae-fr","15":"pa_genere-nandina-fr","16":"pa_origine-hollande","17":"pa_periodo-fioritura-juillet","18":"pa_periodo-fruttificazione-novembre-fr","19":"pa_portamento-arrondi","20":"pa_resistenza-climatica-tres-elevee","21":"pa_utilizzo-balcons","22":"pa_utilizzo-bordures","23":"pa_utilizzo-petits-jardins","25":"first","26":"instock","27":"purchasable","28":"product-type-simple"},"acf":[],"_links":{"self":[{"href":"https:\/\/innocentiemangonipiante.it\/fr\/wp-json\/wp\/v2\/product\/13052","targetHints":{"allow":["GET"]}}],"collection":[{"href":"https:\/\/innocentiemangonipiante.it\/fr\/wp-json\/wp\/v2\/product"}],"about":[{"href":"https:\/\/innocentiemangonipiante.it\/fr\/wp-json\/wp\/v2\/types\/product"}],"wp:featuredmedia":[{"embeddable":true,"href":"https:\/\/innocentiemangonipiante.it\/fr\/wp-json\/wp\/v2\/media\/4192"}],"wp:attachment":[{"href":"https:\/\/innocentiemangonipiante.it\/fr\/wp-json\/wp\/v2\/media?parent=13052"}],"wp:term":[{"taxonomy":"product_brand","embeddable":true,"href":"https:\/\/innocentiemangonipiante.it\/fr\/wp-json\/wp\/v2\/product_brand?post=13052"},{"taxonomy":"product_cat","embeddable":true,"href":"https:\/\/innocentiemangonipiante.it\/fr\/wp-json\/wp\/v2\/product_cat?post=13052"},{"taxonomy":"product_tag","embeddable":true,"href":"https:\/\/innocentiemangonipiante.it\/fr\/wp-json\/wp\/v2\/product_tag?post=13052"}],"curies":[{"name":"wp","href":"https:\/\/api.w.org\/{rel}","templated":true}]}}