{"id":13054,"date":"2023-11-04T02:00:30","date_gmt":"2023-11-04T01:00:30","guid":{"rendered":"http:\/\/innocentiemangonipiante.it\/nandina-domestica-fire-power\/"},"modified":"2023-11-06T15:19:27","modified_gmt":"2023-11-06T14:19:27","slug":"nandina-domestica-fire-power","status":"publish","type":"product","link":"https:\/\/innocentiemangonipiante.it\/fr\/nandina-domestica-fire-power\/","title":{"rendered":"NANDINA domestica &lsquo;Fire Power&rsquo;"},"content":{"rendered":"<p>Arbuste persistant, aux feuilles penn\u00e9es portant des folioles lanc\u00e9ol\u00e9es de couleur rouge \u00e0 pourpre quand elles sont jeunes et en hiver. Port compact, nain.<\/p>\n","protected":false},"excerpt":{"rendered":"<p>Arbuste persistant, aux feuilles penn\u00e9es portant des folioles lanc\u00e9ol\u00e9es de couleur rouge \u00e0 pourpre quand elles sont jeunes et en hiver. Port compact, nain.<\/p>\n","protected":false},"featured_media":4180,"template":"","meta":{"_acf_changed":false},"product_brand":[],"product_cat":[8817],"product_tag":[10897],"class_list":{"0":"post-13054","1":"product","2":"type-product","3":"status-publish","4":"has-post-thumbnail","6":"product_cat-arbres-et-arbustes-persistants","7":"product_tag-naturelle","8":"pa_altezza-massima-0_50-metres","9":"pa_altezza-massima-0_75-metres","10":"pa_colore-fioritura-blanc","11":"pa_condizionamento-clt-fr","12":"pa_condizionamento-vs-fr","13":"pa_famiglia-berberidaceae-fr","14":"pa_genere-nandina-fr","15":"pa_origine-origine-delle-piante-u-s-a","16":"pa_periodo-fioritura-aout","17":"pa_periodo-fioritura-juillet","18":"pa_periodo-fruttificazione-novembre-fr","19":"pa_portamento-eretto-fr","20":"pa_resistenza-climatica-moyenne-elevee","21":"pa_utilizzo-balcons","22":"pa_utilizzo-bordures","23":"pa_utilizzo-petits-jardins","25":"first","26":"instock","27":"purchasable","28":"product-type-simple"},"acf":[],"_links":{"self":[{"href":"https:\/\/innocentiemangonipiante.it\/fr\/wp-json\/wp\/v2\/product\/13054","targetHints":{"allow":["GET"]}}],"collection":[{"href":"https:\/\/innocentiemangonipiante.it\/fr\/wp-json\/wp\/v2\/product"}],"about":[{"href":"https:\/\/innocentiemangonipiante.it\/fr\/wp-json\/wp\/v2\/types\/product"}],"wp:featuredmedia":[{"embeddable":true,"href":"https:\/\/innocentiemangonipiante.it\/fr\/wp-json\/wp\/v2\/media\/4180"}],"wp:attachment":[{"href":"https:\/\/innocentiemangonipiante.it\/fr\/wp-json\/wp\/v2\/media?parent=13054"}],"wp:term":[{"taxonomy":"product_brand","embeddable":true,"href":"https:\/\/innocentiemangonipiante.it\/fr\/wp-json\/wp\/v2\/product_brand?post=13054"},{"taxonomy":"product_cat","embeddable":true,"href":"https:\/\/innocentiemangonipiante.it\/fr\/wp-json\/wp\/v2\/product_cat?post=13054"},{"taxonomy":"product_tag","embeddable":true,"href":"https:\/\/innocentiemangonipiante.it\/fr\/wp-json\/wp\/v2\/product_tag?post=13054"}],"curies":[{"name":"wp","href":"https:\/\/api.w.org\/{rel}","templated":true}]}}