{"id":13056,"date":"2023-11-04T01:59:54","date_gmt":"2023-11-04T00:59:54","guid":{"rendered":"http:\/\/innocentiemangonipiante.it\/nandina-domestica\/"},"modified":"2023-11-06T15:19:06","modified_gmt":"2023-11-06T14:19:06","slug":"nandina-domestica","status":"publish","type":"product","link":"https:\/\/innocentiemangonipiante.it\/fr\/nandina-domestica\/","title":{"rendered":"NANDINA domestica"},"content":{"rendered":"<p>Arbuste persistant \u00e9rig\u00e9, aux feuilles penn\u00e9es compos\u00e9es de folioles lanc\u00e9ol\u00e9es de couleur rouge \u00e0 pourpre quand elles sont jeunes et en hiver. \u00c0 la moiti\u00e9 de l\u2019\u00e9t\u00e9, il d\u00e9veloppe des panicules de fleurs blanches \u00e9toil\u00e9es remplac\u00e9es par des fruits rouges sph\u00e9riques.<\/p>\n","protected":false},"excerpt":{"rendered":"<p>Arbuste persistant \u00e9rig\u00e9, aux feuilles penn\u00e9es compos\u00e9es de folioles lanc\u00e9ol\u00e9es de couleur rouge \u00e0 pourpre quand elles sont jeunes et en hiver. \u00c0 la moiti\u00e9 de l\u2019\u00e9t\u00e9, il d\u00e9veloppe des panicules de fleurs blanches \u00e9toil\u00e9es remplac\u00e9es par des fruits rouges sph\u00e9riques.<\/p>\n","protected":false},"featured_media":4168,"template":"","meta":{"_acf_changed":false},"product_brand":[],"product_cat":[8817],"product_tag":[10897,6266],"class_list":{"0":"post-13056","1":"product","2":"type-product","3":"status-publish","4":"has-post-thumbnail","6":"product_cat-arbres-et-arbustes-persistants","7":"product_tag-naturelle","8":"product_tag-jardiniere","9":"pa_altezza-massima-150-fr","10":"pa_altezza-massima-200-fr","11":"pa_colore-fioritura-blanc","12":"pa_condizionamento-clt-fr","13":"pa_condizionamento-vs-fr","14":"pa_famiglia-berberidaceae-fr","15":"pa_genere-nandina-fr","16":"pa_origine-asie-orientale","17":"pa_periodo-fioritura-aout","18":"pa_periodo-fioritura-juillet","19":"pa_portamento-eretto-fr","20":"pa_resistenza-climatica-moyenne-elevee","21":"pa_utilizzo-balcons","22":"pa_utilizzo-haies","23":"pa_utilizzo-parcs","24":"pa_utilizzo-petits-jardins","26":"first","27":"instock","28":"purchasable","29":"product-type-simple"},"acf":[],"_links":{"self":[{"href":"https:\/\/innocentiemangonipiante.it\/fr\/wp-json\/wp\/v2\/product\/13056","targetHints":{"allow":["GET"]}}],"collection":[{"href":"https:\/\/innocentiemangonipiante.it\/fr\/wp-json\/wp\/v2\/product"}],"about":[{"href":"https:\/\/innocentiemangonipiante.it\/fr\/wp-json\/wp\/v2\/types\/product"}],"wp:featuredmedia":[{"embeddable":true,"href":"https:\/\/innocentiemangonipiante.it\/fr\/wp-json\/wp\/v2\/media\/4168"}],"wp:attachment":[{"href":"https:\/\/innocentiemangonipiante.it\/fr\/wp-json\/wp\/v2\/media?parent=13056"}],"wp:term":[{"taxonomy":"product_brand","embeddable":true,"href":"https:\/\/innocentiemangonipiante.it\/fr\/wp-json\/wp\/v2\/product_brand?post=13056"},{"taxonomy":"product_cat","embeddable":true,"href":"https:\/\/innocentiemangonipiante.it\/fr\/wp-json\/wp\/v2\/product_cat?post=13056"},{"taxonomy":"product_tag","embeddable":true,"href":"https:\/\/innocentiemangonipiante.it\/fr\/wp-json\/wp\/v2\/product_tag?post=13056"}],"curies":[{"name":"wp","href":"https:\/\/api.w.org\/{rel}","templated":true}]}}