{"id":13057,"date":"2023-11-04T02:01:36","date_gmt":"2023-11-04T01:01:36","guid":{"rendered":"http:\/\/innocentiemangonipiante.it\/nerium-oleander\/"},"modified":"2023-11-06T15:20:05","modified_gmt":"2023-11-06T14:20:05","slug":"nerium-oleander","status":"publish","type":"product","link":"https:\/\/innocentiemangonipiante.it\/fr\/nerium-oleander\/","title":{"rendered":"NERIUM oleander"},"content":{"rendered":"<p>Arbuste persistant aux feuilles lanc\u00e9ol\u00e9es de couleur verte. En \u00e9t\u00e9, il donne des fleurs en quantit\u00e9. Tr\u00e8s r\u00e9sistant aux brises marines.<\/p>\n","protected":false},"excerpt":{"rendered":"<p>Arbuste persistant aux feuilles lanc\u00e9ol\u00e9es de couleur verte. En \u00e9t\u00e9, il donne des fleurs en quantit\u00e9. Tr\u00e8s r\u00e9sistant aux brises marines.<\/p>\n","protected":false},"featured_media":23413,"template":"","meta":{"_acf_changed":false},"product_brand":[],"product_cat":[8817,9230],"product_tag":[10897,6255,8400],"class_list":{"0":"post-13057","1":"product","2":"type-product","3":"status-publish","4":"has-post-thumbnail","6":"product_cat-arbres-et-arbustes-persistants","7":"product_cat-arbres-et-plantes-du-futur","8":"product_tag-naturelle","9":"product_tag-demi-tige","10":"product_tag-tige","11":"pa_altezza-massima-200-fr","12":"pa_altezza-massima-400-fr","13":"pa_colore-fioritura-orange-fr","14":"pa_condizionamento-clt-fr","15":"pa_famiglia-apocynaceae-fr","16":"pa_genere-nerium-fr","17":"pa_origine-asie","18":"pa_origine-europe-mediterraneenne","19":"pa_periodo-fioritura-aout","20":"pa_periodo-fioritura-juillet","21":"pa_periodo-fioritura-juin","22":"pa_portamento-cespuglioso-fr","23":"pa_resistenza-climatica-tres-faible","24":"pa_resistenza-del-suolo-resistant-aux-sols-calcaires","25":"pa_salinita-resistance-a-la-salinisation","26":"pa_utilizzo-balcons","27":"pa_utilizzo-haies","28":"pa_utilizzo-parcs","29":"pa_utilizzo-petits-jardins","31":"first","32":"instock","33":"purchasable","34":"product-type-simple"},"acf":[],"_links":{"self":[{"href":"https:\/\/innocentiemangonipiante.it\/fr\/wp-json\/wp\/v2\/product\/13057","targetHints":{"allow":["GET"]}}],"collection":[{"href":"https:\/\/innocentiemangonipiante.it\/fr\/wp-json\/wp\/v2\/product"}],"about":[{"href":"https:\/\/innocentiemangonipiante.it\/fr\/wp-json\/wp\/v2\/types\/product"}],"wp:featuredmedia":[{"embeddable":true,"href":"https:\/\/innocentiemangonipiante.it\/fr\/wp-json\/wp\/v2\/media\/23413"}],"wp:attachment":[{"href":"https:\/\/innocentiemangonipiante.it\/fr\/wp-json\/wp\/v2\/media?parent=13057"}],"wp:term":[{"taxonomy":"product_brand","embeddable":true,"href":"https:\/\/innocentiemangonipiante.it\/fr\/wp-json\/wp\/v2\/product_brand?post=13057"},{"taxonomy":"product_cat","embeddable":true,"href":"https:\/\/innocentiemangonipiante.it\/fr\/wp-json\/wp\/v2\/product_cat?post=13057"},{"taxonomy":"product_tag","embeddable":true,"href":"https:\/\/innocentiemangonipiante.it\/fr\/wp-json\/wp\/v2\/product_tag?post=13057"}],"curies":[{"name":"wp","href":"https:\/\/api.w.org\/{rel}","templated":true}]}}