{"id":13059,"date":"2023-11-04T02:02:47","date_gmt":"2023-11-04T01:02:47","guid":{"rendered":"http:\/\/innocentiemangonipiante.it\/nyssa-sylvatica\/"},"modified":"2023-11-06T15:21:13","modified_gmt":"2023-11-06T14:21:13","slug":"nyssa-sylvatica","status":"publish","type":"product","link":"https:\/\/innocentiemangonipiante.it\/fr\/nyssa-sylvatica\/","title":{"rendered":"NYSSA sylvatica"},"content":{"rendered":"<p>Arbre caduc de forme conique, aux feuilles vertes ov\u00e9es \u00e0 oblongues et lanc\u00e9ol\u00e9es en automne qui virent de jaune \u00e0 orange-rouge.<\/p>\n","protected":false},"excerpt":{"rendered":"<p>Arbre caduc de forme conique, aux feuilles vertes ov\u00e9es \u00e0 oblongues et lanc\u00e9ol\u00e9es en automne qui virent de jaune \u00e0 orange-rouge.<\/p>\n","protected":false},"featured_media":4211,"template":"","meta":{"_acf_changed":false},"product_brand":[],"product_cat":[8812],"product_tag":[10897,8400],"class_list":{"0":"post-13059","1":"product","2":"type-product","3":"status-publish","4":"has-post-thumbnail","6":"product_cat-arbres-et-arbustes-a-feuilles-caduques","7":"product_tag-naturelle","8":"product_tag-tige","9":"pa_altezza-massima-15-metres","10":"pa_altezza-massima-20-metres","11":"pa_condizionamento-clt-fr","12":"pa_condizionamento-motte","13":"pa_famiglia-nyssaceae-fr","14":"pa_genere-nyssa-fr","15":"pa_inquinamento-resistance-a-la-pollution","16":"pa_origine-origine-delle-piante-u-s-a","17":"pa_portamento-piramidale-fr","18":"pa_resistenza-climatica-tres-elevee","19":"pa_salinita-resistance-a-la-salinisation","20":"pa_utilizzo-parcs","22":"first","23":"instock","24":"purchasable","25":"product-type-simple"},"acf":[],"_links":{"self":[{"href":"https:\/\/innocentiemangonipiante.it\/fr\/wp-json\/wp\/v2\/product\/13059","targetHints":{"allow":["GET"]}}],"collection":[{"href":"https:\/\/innocentiemangonipiante.it\/fr\/wp-json\/wp\/v2\/product"}],"about":[{"href":"https:\/\/innocentiemangonipiante.it\/fr\/wp-json\/wp\/v2\/types\/product"}],"wp:featuredmedia":[{"embeddable":true,"href":"https:\/\/innocentiemangonipiante.it\/fr\/wp-json\/wp\/v2\/media\/4211"}],"wp:attachment":[{"href":"https:\/\/innocentiemangonipiante.it\/fr\/wp-json\/wp\/v2\/media?parent=13059"}],"wp:term":[{"taxonomy":"product_brand","embeddable":true,"href":"https:\/\/innocentiemangonipiante.it\/fr\/wp-json\/wp\/v2\/product_brand?post=13059"},{"taxonomy":"product_cat","embeddable":true,"href":"https:\/\/innocentiemangonipiante.it\/fr\/wp-json\/wp\/v2\/product_cat?post=13059"},{"taxonomy":"product_tag","embeddable":true,"href":"https:\/\/innocentiemangonipiante.it\/fr\/wp-json\/wp\/v2\/product_tag?post=13059"}],"curies":[{"name":"wp","href":"https:\/\/api.w.org\/{rel}","templated":true}]}}