{"id":13060,"date":"2023-11-04T02:03:45","date_gmt":"2023-11-04T01:03:45","guid":{"rendered":"http:\/\/innocentiemangonipiante.it\/olea-europaea-forma-toscana\/"},"modified":"2023-11-06T15:22:14","modified_gmt":"2023-11-06T14:22:14","slug":"olea-europaea-forma-toscana","status":"publish","type":"product","link":"https:\/\/innocentiemangonipiante.it\/fr\/olea-europaea-forma-toscana\/","title":{"rendered":"OLEA europaea &lsquo;Forma Toscana&rsquo;"},"content":{"rendered":"<p>Forme de culture caract\u00e9ris\u00e9e par la cime ouverte aux branches \u00e9rig\u00e9es, typique dans les oliviers historiques toscans.<\/p>\n","protected":false},"excerpt":{"rendered":"<p>Forme de culture caract\u00e9ris\u00e9e par la cime ouverte aux branches \u00e9rig\u00e9es, typique dans les oliviers historiques toscans.<\/p>\n","protected":false},"featured_media":23489,"template":"","meta":{"_acf_changed":false},"product_brand":[],"product_cat":[8817],"product_tag":[10897,6255,8400],"class_list":{"0":"post-13060","1":"product","2":"type-product","3":"status-publish","4":"has-post-thumbnail","6":"product_cat-arbres-et-arbustes-persistants","7":"product_tag-naturelle","8":"product_tag-demi-tige","9":"product_tag-tige","10":"pa_altezza-massima-800-fr","11":"pa_altezza-massima-1000-fr-2","12":"pa_arte-topiaria-disponible-plante-en-forme","13":"pa_colore-delle-foglie-grises","14":"pa_colore-fioritura-blanc","15":"pa_condizionamento-clt-fr","16":"pa_famiglia-oleaceae-fr","17":"pa_genere-olea-fr","18":"pa_origine-europe-mediterraneenne","19":"pa_periodo-fioritura-mai","20":"pa_periodo-fruttificazione-octobre","21":"pa_portamento-eretto-fr","22":"pa_profumo-delicat","23":"pa_resistenza-climatica-moyenne","24":"pa_resistenza-del-suolo-resistant-aux-sols-secs","25":"pa_utilizzo-parcs","26":"pa_utilizzo-petits-jardins","28":"first","29":"instock","30":"purchasable","31":"product-type-simple"},"acf":[],"_links":{"self":[{"href":"https:\/\/innocentiemangonipiante.it\/fr\/wp-json\/wp\/v2\/product\/13060","targetHints":{"allow":["GET"]}}],"collection":[{"href":"https:\/\/innocentiemangonipiante.it\/fr\/wp-json\/wp\/v2\/product"}],"about":[{"href":"https:\/\/innocentiemangonipiante.it\/fr\/wp-json\/wp\/v2\/types\/product"}],"wp:featuredmedia":[{"embeddable":true,"href":"https:\/\/innocentiemangonipiante.it\/fr\/wp-json\/wp\/v2\/media\/23489"}],"wp:attachment":[{"href":"https:\/\/innocentiemangonipiante.it\/fr\/wp-json\/wp\/v2\/media?parent=13060"}],"wp:term":[{"taxonomy":"product_brand","embeddable":true,"href":"https:\/\/innocentiemangonipiante.it\/fr\/wp-json\/wp\/v2\/product_brand?post=13060"},{"taxonomy":"product_cat","embeddable":true,"href":"https:\/\/innocentiemangonipiante.it\/fr\/wp-json\/wp\/v2\/product_cat?post=13060"},{"taxonomy":"product_tag","embeddable":true,"href":"https:\/\/innocentiemangonipiante.it\/fr\/wp-json\/wp\/v2\/product_tag?post=13060"}],"curies":[{"name":"wp","href":"https:\/\/api.w.org\/{rel}","templated":true}]}}