{"id":13062,"date":"2023-11-04T02:02:58","date_gmt":"2023-11-04T01:02:58","guid":{"rendered":"http:\/\/innocentiemangonipiante.it\/olea-europaea\/"},"modified":"2023-11-06T15:21:17","modified_gmt":"2023-11-06T14:21:17","slug":"olea-europaea","status":"publish","type":"product","link":"https:\/\/innocentiemangonipiante.it\/fr\/olea-europaea\/","title":{"rendered":"OLEA europaea"},"content":{"rendered":"<p>\u201cOlivier\u201d (l\u2019Arbre de la paix). Arbre persistant \u00e0 croissance lente et aux feuilles finement lanc\u00e9ol\u00e9es de couleur gris-vert sur la face sup\u00e9rieure et argent sur la face inf\u00e9rieure. En \u00e9t\u00e9, il donne des fleurs blanches en panicules, parfum\u00e9es, suivies de fruits ovo\u00efdaux allant du vert au pourpre, plus ou moins grands selon la vari\u00e9t\u00e9, adapt\u00e9s pour la production de l\u2019huile. Plante hautement d\u00e9corative et de longue long\u00e9vit\u00e9.<\/p>\n","protected":false},"excerpt":{"rendered":"<p>\u201cOlivier\u201d (l\u2019Arbre de la paix). Arbre persistant \u00e0 croissance lente et aux feuilles finement lanc\u00e9ol\u00e9es de couleur gris-vert sur la face sup\u00e9rieure et argent sur la face inf\u00e9rieure. En \u00e9t\u00e9, il donne des fleurs blanches en panicules, parfum\u00e9es, suivies de fruits ovo\u00efdaux allant du vert au pourpre, plus ou moins grands selon la vari\u00e9t\u00e9, adapt\u00e9s [&hellip;]<\/p>\n","protected":false},"featured_media":4218,"template":"","meta":{"_acf_changed":false},"product_brand":[],"product_cat":[8817,9230],"product_tag":[10897,10955,6252,6265,8497,6255,8572,8580,6263,8735,8543,6264,8400,8788],"class_list":{"0":"post-13062","1":"product","2":"type-product","3":"status-publish","4":"has-post-thumbnail","6":"product_cat-arbres-et-arbustes-persistants","7":"product_cat-arbres-et-plantes-du-futur","8":"product_tag-naturelle","9":"product_tag-3-boules-superposes","10":"product_tag-bonsai-fr","11":"product_tag-boule","12":"product_tag-cepee-remontee","13":"product_tag-demi-tige","14":"product_tag-demi-tige-boule","15":"product_tag-demi-tige-espalier","16":"product_tag-pompons-fr","17":"product_tag-quart-de-tige","18":"product_tag-solitaire","19":"product_tag-spirale-fr","20":"product_tag-tige","21":"product_tag-vieux-troncs","22":"pa_altezza-massima-800-fr","23":"pa_altezza-massima-1000-fr-2","24":"pa_colore-delle-foglie-grises","25":"pa_colore-fioritura-blanc","26":"pa_condizionamento-bac-d-orangerie","27":"pa_condizionamento-clt-fr","28":"pa_condizionamento-coupe-fr","29":"pa_condizionamento-pot-de-couleur-rouille","30":"pa_condizionamento-motte","31":"pa_condizionamento-plant-plast-fr","32":"pa_famiglia-oleaceae-fr","33":"pa_genere-olea-fr","34":"pa_origine-europe-mediterraneenne","35":"pa_periodo-fioritura-mai","36":"pa_periodo-fruttificazione-octobre","37":"pa_portamento-arrondi","38":"pa_profumo-delicat","39":"pa_resistenza-climatica-moyenne","40":"pa_resistenza-del-suolo-resistant-aux-sols-secs","41":"pa_utilizzo-parcs","42":"pa_utilizzo-petits-jardins","44":"first","45":"instock","46":"purchasable","47":"product-type-simple"},"acf":[],"_links":{"self":[{"href":"https:\/\/innocentiemangonipiante.it\/fr\/wp-json\/wp\/v2\/product\/13062","targetHints":{"allow":["GET"]}}],"collection":[{"href":"https:\/\/innocentiemangonipiante.it\/fr\/wp-json\/wp\/v2\/product"}],"about":[{"href":"https:\/\/innocentiemangonipiante.it\/fr\/wp-json\/wp\/v2\/types\/product"}],"wp:featuredmedia":[{"embeddable":true,"href":"https:\/\/innocentiemangonipiante.it\/fr\/wp-json\/wp\/v2\/media\/4218"}],"wp:attachment":[{"href":"https:\/\/innocentiemangonipiante.it\/fr\/wp-json\/wp\/v2\/media?parent=13062"}],"wp:term":[{"taxonomy":"product_brand","embeddable":true,"href":"https:\/\/innocentiemangonipiante.it\/fr\/wp-json\/wp\/v2\/product_brand?post=13062"},{"taxonomy":"product_cat","embeddable":true,"href":"https:\/\/innocentiemangonipiante.it\/fr\/wp-json\/wp\/v2\/product_cat?post=13062"},{"taxonomy":"product_tag","embeddable":true,"href":"https:\/\/innocentiemangonipiante.it\/fr\/wp-json\/wp\/v2\/product_tag?post=13062"}],"curies":[{"name":"wp","href":"https:\/\/api.w.org\/{rel}","templated":true}]}}