{"id":13063,"date":"2023-11-04T02:05:22","date_gmt":"2023-11-04T01:05:22","guid":{"rendered":"http:\/\/innocentiemangonipiante.it\/osmanthus-heterophyllus-variegatus\/"},"modified":"2023-11-06T15:23:11","modified_gmt":"2023-11-06T14:23:11","slug":"osmanthus-heterophyllus-variegatus","status":"publish","type":"product","link":"https:\/\/innocentiemangonipiante.it\/fr\/osmanthus-heterophyllus-variegatus\/","title":{"rendered":"OSMANTHUS heterophyllus &lsquo;Variegatus&rsquo;"},"content":{"rendered":"<p>Arbuste persistant aux feuilles bigarr\u00e9es de vert et cr\u00e9me, similaires \u00e0 celles de l\u2019Ilex Aquifolium, ovales \u00e0 ellitiques, profond\u00e9ment dentel\u00e9es et coriaces. Le port est nain.<\/p>\n","protected":false},"excerpt":{"rendered":"<p>Arbuste persistant aux feuilles bigarr\u00e9es de vert et cr\u00e9me, similaires \u00e0 celles de l\u2019Ilex Aquifolium, ovales \u00e0 ellitiques, profond\u00e9ment dentel\u00e9es et coriaces. Le port est nain.<\/p>\n","protected":false},"featured_media":4250,"template":"","meta":{"_acf_changed":false},"product_brand":[],"product_cat":[8817],"product_tag":[10897,6265],"class_list":{"0":"post-13063","1":"product","2":"type-product","3":"status-publish","4":"has-post-thumbnail","6":"product_cat-arbres-et-arbustes-persistants","7":"product_tag-naturelle","8":"product_tag-boule","9":"pa_altezza-massima-150-fr","10":"pa_altezza-massima-200-fr","11":"pa_colore-delle-foglie-panachees","12":"pa_colore-fioritura-blanc","13":"pa_condizionamento-clt-fr","14":"pa_condizionamento-vs-fr","15":"pa_famiglia-oleaceae-fr","16":"pa_genere-osmanthus-fr","17":"pa_inquinamento-resistance-a-la-pollution","18":"pa_origine-asie-orientale","19":"pa_periodo-fioritura-octobre","20":"pa_periodo-fioritura-septembre","21":"pa_portamento-arrondi","22":"pa_profumo-intense-fr","23":"pa_resistenza-climatica-moyenne-elevee","24":"pa_resistenza-del-suolo-resistant-aux-sols-calcaires","25":"pa_utilizzo-parcs","26":"pa_utilizzo-petits-jardins","28":"first","29":"instock","30":"purchasable","31":"product-type-simple"},"acf":[],"_links":{"self":[{"href":"https:\/\/innocentiemangonipiante.it\/fr\/wp-json\/wp\/v2\/product\/13063","targetHints":{"allow":["GET"]}}],"collection":[{"href":"https:\/\/innocentiemangonipiante.it\/fr\/wp-json\/wp\/v2\/product"}],"about":[{"href":"https:\/\/innocentiemangonipiante.it\/fr\/wp-json\/wp\/v2\/types\/product"}],"wp:featuredmedia":[{"embeddable":true,"href":"https:\/\/innocentiemangonipiante.it\/fr\/wp-json\/wp\/v2\/media\/4250"}],"wp:attachment":[{"href":"https:\/\/innocentiemangonipiante.it\/fr\/wp-json\/wp\/v2\/media?parent=13063"}],"wp:term":[{"taxonomy":"product_brand","embeddable":true,"href":"https:\/\/innocentiemangonipiante.it\/fr\/wp-json\/wp\/v2\/product_brand?post=13063"},{"taxonomy":"product_cat","embeddable":true,"href":"https:\/\/innocentiemangonipiante.it\/fr\/wp-json\/wp\/v2\/product_cat?post=13063"},{"taxonomy":"product_tag","embeddable":true,"href":"https:\/\/innocentiemangonipiante.it\/fr\/wp-json\/wp\/v2\/product_tag?post=13063"}],"curies":[{"name":"wp","href":"https:\/\/api.w.org\/{rel}","templated":true}]}}