{"id":13064,"date":"2023-11-04T02:05:15","date_gmt":"2023-11-04T01:05:15","guid":{"rendered":"http:\/\/innocentiemangonipiante.it\/osmanthus-heterophyllus-tricolor\/"},"modified":"2023-11-06T15:23:08","modified_gmt":"2023-11-06T14:23:08","slug":"osmanthus-heterophyllus-tricolor","status":"publish","type":"product","link":"https:\/\/innocentiemangonipiante.it\/fr\/osmanthus-heterophyllus-tricolor\/","title":{"rendered":"OSMANTHUS heterophyllus &lsquo;Tricolor&rsquo;"},"content":{"rendered":"<p>Arbuste persistant aux feuilles bigarr\u00e9es de vert cr\u00e8me et rose, similaires \u00e0 celles de l\u2019Ilex Aquifolium, ovales \u00e0 elliptiques, profond\u00e9ment dentel\u00e9es et coriaces. Le port est nain.<\/p>\n","protected":false},"excerpt":{"rendered":"<p>Arbuste persistant aux feuilles bigarr\u00e9es de vert cr\u00e8me et rose, similaires \u00e0 celles de l\u2019Ilex Aquifolium, ovales \u00e0 elliptiques, profond\u00e9ment dentel\u00e9es et coriaces. Le port est nain.<\/p>\n","protected":false},"featured_media":4244,"template":"","meta":{"_acf_changed":false},"product_brand":[],"product_cat":[8817],"product_tag":[10897,6265,6266,8735],"class_list":{"0":"post-13064","1":"product","2":"type-product","3":"status-publish","4":"has-post-thumbnail","6":"product_cat-arbres-et-arbustes-persistants","7":"product_tag-naturelle","8":"product_tag-boule","9":"product_tag-jardiniere","10":"product_tag-quart-de-tige","11":"pa_altezza-massima-150-fr","12":"pa_altezza-massima-200-fr","13":"pa_colore-delle-foglie-panachees","14":"pa_colore-fioritura-blanc","15":"pa_condizionamento-clt-fr","16":"pa_condizionamento-vs-fr","17":"pa_famiglia-oleaceae-fr","18":"pa_genere-osmanthus-fr","19":"pa_inquinamento-resistance-a-la-pollution","20":"pa_origine-asie-orientale","21":"pa_periodo-fioritura-novembre-fr","22":"pa_periodo-fioritura-octobre","23":"pa_portamento-arrondi","24":"pa_profumo-intense-fr","25":"pa_resistenza-climatica-moyenne-elevee","26":"pa_resistenza-del-suolo-resistant-aux-sols-calcaires","27":"pa_utilizzo-parcs","28":"pa_utilizzo-petits-jardins","30":"first","31":"instock","32":"purchasable","33":"product-type-simple"},"acf":[],"_links":{"self":[{"href":"https:\/\/innocentiemangonipiante.it\/fr\/wp-json\/wp\/v2\/product\/13064","targetHints":{"allow":["GET"]}}],"collection":[{"href":"https:\/\/innocentiemangonipiante.it\/fr\/wp-json\/wp\/v2\/product"}],"about":[{"href":"https:\/\/innocentiemangonipiante.it\/fr\/wp-json\/wp\/v2\/types\/product"}],"wp:featuredmedia":[{"embeddable":true,"href":"https:\/\/innocentiemangonipiante.it\/fr\/wp-json\/wp\/v2\/media\/4244"}],"wp:attachment":[{"href":"https:\/\/innocentiemangonipiante.it\/fr\/wp-json\/wp\/v2\/media?parent=13064"}],"wp:term":[{"taxonomy":"product_brand","embeddable":true,"href":"https:\/\/innocentiemangonipiante.it\/fr\/wp-json\/wp\/v2\/product_brand?post=13064"},{"taxonomy":"product_cat","embeddable":true,"href":"https:\/\/innocentiemangonipiante.it\/fr\/wp-json\/wp\/v2\/product_cat?post=13064"},{"taxonomy":"product_tag","embeddable":true,"href":"https:\/\/innocentiemangonipiante.it\/fr\/wp-json\/wp\/v2\/product_tag?post=13064"}],"curies":[{"name":"wp","href":"https:\/\/api.w.org\/{rel}","templated":true}]}}