{"id":13065,"date":"2023-11-04T02:04:52","date_gmt":"2023-11-04T01:04:52","guid":{"rendered":"http:\/\/innocentiemangonipiante.it\/osmanthus-heterophyllus\/"},"modified":"2023-11-06T15:22:51","modified_gmt":"2023-11-06T14:22:51","slug":"osmanthus-heterophyllus","status":"publish","type":"product","link":"https:\/\/innocentiemangonipiante.it\/fr\/osmanthus-heterophyllus\/","title":{"rendered":"OSMANTHUS heterophyllus"},"content":{"rendered":"<p>Arbuste persistant aux feuilles vertes similaires \u00e0 celles de l\u2019Ilex Aquifolium, ovales \u00e0 elliptiques, profond\u00e9ment dentel\u00e9es et coriaces, brillantes. De la fin de l\u2019\u00e9t\u00e9 \u00e0 l\u2019automne, s\u2019\u00e9panouissent des trochets axillaires de fleurs blanches parfum\u00e9es, suivies de fruits de couleur noir-bleu ovo\u00efdaux.<\/p>\n","protected":false},"excerpt":{"rendered":"<p>Arbuste persistant aux feuilles vertes similaires \u00e0 celles de l\u2019Ilex Aquifolium, ovales \u00e0 elliptiques, profond\u00e9ment dentel\u00e9es et coriaces, brillantes. De la fin de l\u2019\u00e9t\u00e9 \u00e0 l\u2019automne, s\u2019\u00e9panouissent des trochets axillaires de fleurs blanches parfum\u00e9es, suivies de fruits de couleur noir-bleu ovo\u00efdaux.<\/p>\n","protected":false},"featured_media":4238,"template":"","meta":{"_acf_changed":false},"product_brand":[],"product_cat":[8817],"product_tag":[10897,8497,6263],"class_list":{"0":"post-13065","1":"product","2":"type-product","3":"status-publish","4":"has-post-thumbnail","6":"product_cat-arbres-et-arbustes-persistants","7":"product_tag-naturelle","8":"product_tag-cepee-remontee","9":"product_tag-pompons-fr","10":"pa_altezza-massima-400-fr","11":"pa_altezza-massima-600-fr","12":"pa_colore-fioritura-blanc","13":"pa_condizionamento-clt-fr","14":"pa_condizionamento-coupe-fr","15":"pa_condizionamento-vs-fr","16":"pa_condizionamento-motte","17":"pa_famiglia-oleaceae-fr","18":"pa_genere-osmanthus-fr","19":"pa_inquinamento-resistance-a-la-pollution","20":"pa_origine-japon","21":"pa_periodo-fioritura-octobre","22":"pa_periodo-fioritura-septembre","23":"pa_periodo-fruttificazione-novembre-fr","24":"pa_portamento-arrondi","25":"pa_profumo-intense-fr","26":"pa_resistenza-climatica-moyenne-elevee","27":"pa_resistenza-del-suolo-resistant-aux-sols-calcaires","28":"pa_utilizzo-parcs","29":"pa_utilizzo-petits-jardins","31":"first","32":"instock","33":"purchasable","34":"product-type-simple"},"acf":[],"_links":{"self":[{"href":"https:\/\/innocentiemangonipiante.it\/fr\/wp-json\/wp\/v2\/product\/13065","targetHints":{"allow":["GET"]}}],"collection":[{"href":"https:\/\/innocentiemangonipiante.it\/fr\/wp-json\/wp\/v2\/product"}],"about":[{"href":"https:\/\/innocentiemangonipiante.it\/fr\/wp-json\/wp\/v2\/types\/product"}],"wp:featuredmedia":[{"embeddable":true,"href":"https:\/\/innocentiemangonipiante.it\/fr\/wp-json\/wp\/v2\/media\/4238"}],"wp:attachment":[{"href":"https:\/\/innocentiemangonipiante.it\/fr\/wp-json\/wp\/v2\/media?parent=13065"}],"wp:term":[{"taxonomy":"product_brand","embeddable":true,"href":"https:\/\/innocentiemangonipiante.it\/fr\/wp-json\/wp\/v2\/product_brand?post=13065"},{"taxonomy":"product_cat","embeddable":true,"href":"https:\/\/innocentiemangonipiante.it\/fr\/wp-json\/wp\/v2\/product_cat?post=13065"},{"taxonomy":"product_tag","embeddable":true,"href":"https:\/\/innocentiemangonipiante.it\/fr\/wp-json\/wp\/v2\/product_tag?post=13065"}],"curies":[{"name":"wp","href":"https:\/\/api.w.org\/{rel}","templated":true}]}}