{"id":13066,"date":"2023-11-04T02:04:31","date_gmt":"2023-11-04T01:04:31","guid":{"rendered":"http:\/\/innocentiemangonipiante.it\/osmanthus-fragrans\/"},"modified":"2023-11-06T15:22:40","modified_gmt":"2023-11-06T14:22:40","slug":"osmanthus-fragrans","status":"publish","type":"product","link":"https:\/\/innocentiemangonipiante.it\/fr\/osmanthus-fragrans\/","title":{"rendered":"OSMANTHUS fragrans"},"content":{"rendered":"<p>Arbuste persistant \u00e9rig\u00e9 aux feuilles vertes oblongues et lanc\u00e9ol\u00e9es, coriaces, enti\u00e8res ou dentel\u00e9es. Au printemps, s\u2019\u00e9panouissent des trochets simples ou axillaires de fleurs blanches tr\u00e8s parfum\u00e9es. Parfois, la floraison se r\u00e9p\u00e8te \u00e0 la fin de l\u2019\u00e9t\u00e9-automne, suivie de fruits de couleur noir-bleu ovo\u00efdaux.<\/p>\n","protected":false},"excerpt":{"rendered":"<p>Arbuste persistant \u00e9rig\u00e9 aux feuilles vertes oblongues et lanc\u00e9ol\u00e9es, coriaces, enti\u00e8res ou dentel\u00e9es. Au printemps, s\u2019\u00e9panouissent des trochets simples ou axillaires de fleurs blanches tr\u00e8s parfum\u00e9es. Parfois, la floraison se r\u00e9p\u00e8te \u00e0 la fin de l\u2019\u00e9t\u00e9-automne, suivie de fruits de couleur noir-bleu ovo\u00efdaux.<\/p>\n","protected":false},"featured_media":4232,"template":"","meta":{"_acf_changed":false},"product_brand":[],"product_cat":[8817],"product_tag":[10897,8497],"class_list":{"0":"post-13066","1":"product","2":"type-product","3":"status-publish","4":"has-post-thumbnail","6":"product_cat-arbres-et-arbustes-persistants","7":"product_tag-naturelle","8":"product_tag-cepee-remontee","9":"pa_altezza-massima-400-fr","10":"pa_altezza-massima-600-fr","11":"pa_colore-fioritura-blanc","12":"pa_condizionamento-clt-fr","13":"pa_condizionamento-vs-fr","14":"pa_condizionamento-motte","15":"pa_famiglia-oleaceae-fr","16":"pa_genere-osmanthus-fr","17":"pa_origine-asie-orientale","18":"pa_periodo-fioritura-avril","19":"pa_periodo-fioritura-mai","20":"pa_portamento-eretto-fr","21":"pa_profumo-intense-fr","22":"pa_resistenza-climatica-moyenne","23":"pa_resistenza-del-suolo-resistant-aux-sols-calcaires","24":"pa_utilizzo-haies","25":"pa_utilizzo-parcs","26":"pa_utilizzo-petits-jardins","28":"first","29":"instock","30":"purchasable","31":"product-type-simple"},"acf":[],"_links":{"self":[{"href":"https:\/\/innocentiemangonipiante.it\/fr\/wp-json\/wp\/v2\/product\/13066","targetHints":{"allow":["GET"]}}],"collection":[{"href":"https:\/\/innocentiemangonipiante.it\/fr\/wp-json\/wp\/v2\/product"}],"about":[{"href":"https:\/\/innocentiemangonipiante.it\/fr\/wp-json\/wp\/v2\/types\/product"}],"wp:featuredmedia":[{"embeddable":true,"href":"https:\/\/innocentiemangonipiante.it\/fr\/wp-json\/wp\/v2\/media\/4232"}],"wp:attachment":[{"href":"https:\/\/innocentiemangonipiante.it\/fr\/wp-json\/wp\/v2\/media?parent=13066"}],"wp:term":[{"taxonomy":"product_brand","embeddable":true,"href":"https:\/\/innocentiemangonipiante.it\/fr\/wp-json\/wp\/v2\/product_brand?post=13066"},{"taxonomy":"product_cat","embeddable":true,"href":"https:\/\/innocentiemangonipiante.it\/fr\/wp-json\/wp\/v2\/product_cat?post=13066"},{"taxonomy":"product_tag","embeddable":true,"href":"https:\/\/innocentiemangonipiante.it\/fr\/wp-json\/wp\/v2\/product_tag?post=13066"}],"curies":[{"name":"wp","href":"https:\/\/api.w.org\/{rel}","templated":true}]}}