{"id":13067,"date":"2023-11-04T02:05:30","date_gmt":"2023-11-04T01:05:30","guid":{"rendered":"http:\/\/innocentiemangonipiante.it\/osmanthus-x-fortunei\/"},"modified":"2023-11-06T15:23:17","modified_gmt":"2023-11-06T14:23:17","slug":"osmanthus-x-fortunei","status":"publish","type":"product","link":"https:\/\/innocentiemangonipiante.it\/fr\/osmanthus-x-fortunei\/","title":{"rendered":"OSMANTHUS x fortunei"},"content":{"rendered":"<p>Arbuste persistant \u00e9rig\u00e9 aux feuilles vert fonc\u00e9 similaires \u00e0 celles de l\u2019Ilex Aquifolium, ovales \u00e0 ov\u00e9es, coriaces et brillantes. De la fin de l\u2019\u00e9t\u00e9 \u00e0 l\u2019automne, s\u2019\u00e9panouissent des trochets de fleurs blanches et parfum\u00e9es.<\/p>\n","protected":false},"excerpt":{"rendered":"<p>Arbuste persistant \u00e9rig\u00e9 aux feuilles vert fonc\u00e9 similaires \u00e0 celles de l\u2019Ilex Aquifolium, ovales \u00e0 ov\u00e9es, coriaces et brillantes. De la fin de l\u2019\u00e9t\u00e9 \u00e0 l\u2019automne, s\u2019\u00e9panouissent des trochets de fleurs blanches et parfum\u00e9es.<\/p>\n","protected":false},"featured_media":4261,"template":"","meta":{"_acf_changed":false},"product_brand":[],"product_cat":[8817],"product_tag":[10897,6265,8497,8400],"class_list":{"0":"post-13067","1":"product","2":"type-product","3":"status-publish","4":"has-post-thumbnail","6":"product_cat-arbres-et-arbustes-persistants","7":"product_tag-naturelle","8":"product_tag-boule","9":"product_tag-cepee-remontee","10":"product_tag-tige","11":"pa_altezza-massima-400-fr","12":"pa_altezza-massima-600-fr","13":"pa_colore-fioritura-blanc","14":"pa_condizionamento-clt-fr","15":"pa_condizionamento-vs-fr","16":"pa_condizionamento-motte","17":"pa_famiglia-oleaceae-fr","18":"pa_genere-osmanthus-fr","19":"pa_origine-asie-orientale","20":"pa_periodo-fioritura-octobre","21":"pa_periodo-fioritura-septembre","22":"pa_portamento-eretto-fr","23":"pa_profumo-intense-fr","24":"pa_resistenza-climatica-moyenne-elevee","25":"pa_resistenza-del-suolo-resistant-aux-sols-calcaires","26":"pa_utilizzo-haies","27":"pa_utilizzo-parcs","28":"pa_utilizzo-petits-jardins","30":"first","31":"instock","32":"purchasable","33":"product-type-simple"},"acf":[],"_links":{"self":[{"href":"https:\/\/innocentiemangonipiante.it\/fr\/wp-json\/wp\/v2\/product\/13067","targetHints":{"allow":["GET"]}}],"collection":[{"href":"https:\/\/innocentiemangonipiante.it\/fr\/wp-json\/wp\/v2\/product"}],"about":[{"href":"https:\/\/innocentiemangonipiante.it\/fr\/wp-json\/wp\/v2\/types\/product"}],"wp:featuredmedia":[{"embeddable":true,"href":"https:\/\/innocentiemangonipiante.it\/fr\/wp-json\/wp\/v2\/media\/4261"}],"wp:attachment":[{"href":"https:\/\/innocentiemangonipiante.it\/fr\/wp-json\/wp\/v2\/media?parent=13067"}],"wp:term":[{"taxonomy":"product_brand","embeddable":true,"href":"https:\/\/innocentiemangonipiante.it\/fr\/wp-json\/wp\/v2\/product_brand?post=13067"},{"taxonomy":"product_cat","embeddable":true,"href":"https:\/\/innocentiemangonipiante.it\/fr\/wp-json\/wp\/v2\/product_cat?post=13067"},{"taxonomy":"product_tag","embeddable":true,"href":"https:\/\/innocentiemangonipiante.it\/fr\/wp-json\/wp\/v2\/product_tag?post=13067"}],"curies":[{"name":"wp","href":"https:\/\/api.w.org\/{rel}","templated":true}]}}