{"id":13068,"date":"2023-11-04T02:04:24","date_gmt":"2023-11-04T01:04:24","guid":{"rendered":"http:\/\/innocentiemangonipiante.it\/osmanthus-armatus\/"},"modified":"2023-11-06T15:22:37","modified_gmt":"2023-11-06T14:22:37","slug":"osmanthus-armatus","status":"publish","type":"product","link":"https:\/\/innocentiemangonipiante.it\/fr\/osmanthus-armatus\/","title":{"rendered":"OSMANTHUS armatus"},"content":{"rendered":"<p>Arbuste dense, arrondi, avec feuilles de couleur verte fonc\u00e9e, oblongues, lanceol\u00e9es, profond\u00e9ment dentel\u00e9es, luisantes, jusqu\u2019\u00e0 15cm longues. En automne apparaissent fleurs blanches cr\u00e8me, parfumm\u00e9es, suivies par des fruits violet fonc\u00e9.<\/p>\n","protected":false},"excerpt":{"rendered":"<p>Arbuste dense, arrondi, avec feuilles de couleur verte fonc\u00e9e, oblongues, lanceol\u00e9es, profond\u00e9ment dentel\u00e9es, luisantes, jusqu\u2019\u00e0 15cm longues. En automne apparaissent fleurs blanches cr\u00e8me, parfumm\u00e9es, suivies par des fruits violet fonc\u00e9.<\/p>\n","protected":false},"featured_media":4226,"template":"","meta":{"_acf_changed":false},"product_brand":[],"product_cat":[8817],"product_tag":[10897,8497],"class_list":{"0":"post-13068","1":"product","2":"type-product","3":"status-publish","4":"has-post-thumbnail","6":"product_cat-arbres-et-arbustes-persistants","7":"product_tag-naturelle","8":"product_tag-cepee-remontee","9":"pa_altezza-massima-300-fr-2","10":"pa_altezza-massima-500-fr","11":"pa_colore-fioritura-blanc","12":"pa_condizionamento-clt-fr","13":"pa_condizionamento-motte","14":"pa_famiglia-oleaceae-fr","15":"pa_genere-osmanthus-fr","16":"pa_origine-asie-orientale","17":"pa_periodo-fioritura-octobre","18":"pa_portamento-arrondi","19":"pa_profumo-intense-fr","20":"pa_resistenza-climatica-moyenne-elevee","21":"pa_resistenza-del-suolo-resistant-aux-sols-calcaires","22":"pa_utilizzo-parcs","23":"pa_utilizzo-petits-jardins","25":"first","26":"instock","27":"purchasable","28":"product-type-simple"},"acf":[],"_links":{"self":[{"href":"https:\/\/innocentiemangonipiante.it\/fr\/wp-json\/wp\/v2\/product\/13068","targetHints":{"allow":["GET"]}}],"collection":[{"href":"https:\/\/innocentiemangonipiante.it\/fr\/wp-json\/wp\/v2\/product"}],"about":[{"href":"https:\/\/innocentiemangonipiante.it\/fr\/wp-json\/wp\/v2\/types\/product"}],"wp:featuredmedia":[{"embeddable":true,"href":"https:\/\/innocentiemangonipiante.it\/fr\/wp-json\/wp\/v2\/media\/4226"}],"wp:attachment":[{"href":"https:\/\/innocentiemangonipiante.it\/fr\/wp-json\/wp\/v2\/media?parent=13068"}],"wp:term":[{"taxonomy":"product_brand","embeddable":true,"href":"https:\/\/innocentiemangonipiante.it\/fr\/wp-json\/wp\/v2\/product_brand?post=13068"},{"taxonomy":"product_cat","embeddable":true,"href":"https:\/\/innocentiemangonipiante.it\/fr\/wp-json\/wp\/v2\/product_cat?post=13068"},{"taxonomy":"product_tag","embeddable":true,"href":"https:\/\/innocentiemangonipiante.it\/fr\/wp-json\/wp\/v2\/product_tag?post=13068"}],"curies":[{"name":"wp","href":"https:\/\/api.w.org\/{rel}","templated":true}]}}