{"id":13069,"date":"2023-11-04T02:05:36","date_gmt":"2023-11-04T01:05:36","guid":{"rendered":"http:\/\/innocentiemangonipiante.it\/osmarea-burkwoodii\/"},"modified":"2023-11-06T15:23:23","modified_gmt":"2023-11-06T14:23:23","slug":"osmarea-burkwoodii","status":"publish","type":"product","link":"https:\/\/innocentiemangonipiante.it\/fr\/osmarea-burkwoodii\/","title":{"rendered":"OSMAREA burkwoodii"},"content":{"rendered":"<p>Arbuste persistant aux feuilles vert fonc\u00e9 ovales \u00e0 ov\u00e9es, coriaces et brillantes. \u00c0 la moiti\u00e9-fin du printemps, apparaissent des fleurs blanches tubul\u00e9es, tr\u00e8s parfum\u00e9es, en trochets axillaires.<\/p>\n","protected":false},"excerpt":{"rendered":"<p>Arbuste persistant aux feuilles vert fonc\u00e9 ovales \u00e0 ov\u00e9es, coriaces et brillantes. \u00c0 la moiti\u00e9-fin du printemps, apparaissent des fleurs blanches tubul\u00e9es, tr\u00e8s parfum\u00e9es, en trochets axillaires.<\/p>\n","protected":false},"featured_media":4267,"template":"","meta":{"_acf_changed":false},"product_brand":[],"product_cat":[8817],"product_tag":[10897,6265,8497,6266],"class_list":{"0":"post-13069","1":"product","2":"type-product","3":"status-publish","4":"has-post-thumbnail","6":"product_cat-arbres-et-arbustes-persistants","7":"product_tag-naturelle","8":"product_tag-boule","9":"product_tag-cepee-remontee","10":"product_tag-jardiniere","11":"pa_altezza-massima-200-fr","12":"pa_altezza-massima-300-fr-2","13":"pa_colore-fioritura-blanc","14":"pa_condizionamento-clt-fr","15":"pa_condizionamento-coupe-fr","16":"pa_condizionamento-vs-fr","17":"pa_famiglia-oleaceae-fr","18":"pa_genere-osmarea-fr","19":"pa_origine-angleterre","20":"pa_periodo-fioritura-avril","21":"pa_periodo-fioritura-mai","22":"pa_portamento-arrondi","23":"pa_profumo-intense-fr","24":"pa_resistenza-climatica-tres-elevee","25":"pa_resistenza-del-suolo-resistant-aux-sols-calcaires","26":"pa_utilizzo-haies","27":"pa_utilizzo-parcs","28":"pa_utilizzo-petits-jardins","30":"first","31":"instock","32":"purchasable","33":"product-type-simple"},"acf":[],"_links":{"self":[{"href":"https:\/\/innocentiemangonipiante.it\/fr\/wp-json\/wp\/v2\/product\/13069","targetHints":{"allow":["GET"]}}],"collection":[{"href":"https:\/\/innocentiemangonipiante.it\/fr\/wp-json\/wp\/v2\/product"}],"about":[{"href":"https:\/\/innocentiemangonipiante.it\/fr\/wp-json\/wp\/v2\/types\/product"}],"wp:featuredmedia":[{"embeddable":true,"href":"https:\/\/innocentiemangonipiante.it\/fr\/wp-json\/wp\/v2\/media\/4267"}],"wp:attachment":[{"href":"https:\/\/innocentiemangonipiante.it\/fr\/wp-json\/wp\/v2\/media?parent=13069"}],"wp:term":[{"taxonomy":"product_brand","embeddable":true,"href":"https:\/\/innocentiemangonipiante.it\/fr\/wp-json\/wp\/v2\/product_brand?post=13069"},{"taxonomy":"product_cat","embeddable":true,"href":"https:\/\/innocentiemangonipiante.it\/fr\/wp-json\/wp\/v2\/product_cat?post=13069"},{"taxonomy":"product_tag","embeddable":true,"href":"https:\/\/innocentiemangonipiante.it\/fr\/wp-json\/wp\/v2\/product_tag?post=13069"}],"curies":[{"name":"wp","href":"https:\/\/api.w.org\/{rel}","templated":true}]}}