{"id":13071,"date":"2023-11-04T02:06:11","date_gmt":"2023-11-04T01:06:11","guid":{"rendered":"http:\/\/innocentiemangonipiante.it\/paeonia-suffruticosa\/"},"modified":"2023-11-06T15:23:48","modified_gmt":"2023-11-06T14:23:48","slug":"paeonia-suffruticosa","status":"publish","type":"product","link":"https:\/\/innocentiemangonipiante.it\/fr\/paeonia-suffruticosa\/","title":{"rendered":"PAEONIA suffruticosa"},"content":{"rendered":"<p>\u201cPivoine arbustive\u201d. Arbuste \u00e9rig\u00e9 \u00e0 feuilles caduques, feuilles vert fonc\u00e9, bleu-vert sur la face inf\u00e9rieure. Chaque feuille est compos\u00e9e de 9 folioles, d\u2019elliptiques \u00e0 ov\u00e9es. \u00c0 la fin du printemps-d\u00e9but de l\u2019\u00e9t\u00e9, elle donne des fleurs simples en coupe, plus ou moins larges.<\/p>\n","protected":false},"excerpt":{"rendered":"<p>\u201cPivoine arbustive\u201d. Arbuste \u00e9rig\u00e9 \u00e0 feuilles caduques, feuilles vert fonc\u00e9, bleu-vert sur la face inf\u00e9rieure. Chaque feuille est compos\u00e9e de 9 folioles, d\u2019elliptiques \u00e0 ov\u00e9es. \u00c0 la fin du printemps-d\u00e9but de l\u2019\u00e9t\u00e9, elle donne des fleurs simples en coupe, plus ou moins larges.<\/p>\n","protected":false},"featured_media":4274,"template":"","meta":{"_acf_changed":false},"product_brand":[],"product_cat":[8812],"product_tag":[10897],"class_list":{"0":"post-13071","1":"product","2":"type-product","3":"status-publish","4":"has-post-thumbnail","6":"product_cat-arbres-et-arbustes-a-feuilles-caduques","7":"product_tag-naturelle","8":"pa_altezza-massima-150-fr","9":"pa_altezza-massima-200-fr","10":"pa_condizionamento-clt-fr","11":"pa_famiglia-paeoniaceae-fr","12":"pa_genere-paeonia-fr","13":"pa_origine-asie-orientale","14":"pa_periodo-fioritura-juin","15":"pa_periodo-fioritura-mai","16":"pa_portamento-eretto-fr","17":"pa_resistenza-climatica-moyenne-elevee","18":"pa_utilizzo-parcs","19":"pa_utilizzo-petits-jardins","21":"first","22":"instock","23":"purchasable","24":"product-type-simple"},"acf":[],"_links":{"self":[{"href":"https:\/\/innocentiemangonipiante.it\/fr\/wp-json\/wp\/v2\/product\/13071","targetHints":{"allow":["GET"]}}],"collection":[{"href":"https:\/\/innocentiemangonipiante.it\/fr\/wp-json\/wp\/v2\/product"}],"about":[{"href":"https:\/\/innocentiemangonipiante.it\/fr\/wp-json\/wp\/v2\/types\/product"}],"wp:featuredmedia":[{"embeddable":true,"href":"https:\/\/innocentiemangonipiante.it\/fr\/wp-json\/wp\/v2\/media\/4274"}],"wp:attachment":[{"href":"https:\/\/innocentiemangonipiante.it\/fr\/wp-json\/wp\/v2\/media?parent=13071"}],"wp:term":[{"taxonomy":"product_brand","embeddable":true,"href":"https:\/\/innocentiemangonipiante.it\/fr\/wp-json\/wp\/v2\/product_brand?post=13071"},{"taxonomy":"product_cat","embeddable":true,"href":"https:\/\/innocentiemangonipiante.it\/fr\/wp-json\/wp\/v2\/product_cat?post=13071"},{"taxonomy":"product_tag","embeddable":true,"href":"https:\/\/innocentiemangonipiante.it\/fr\/wp-json\/wp\/v2\/product_tag?post=13071"}],"curies":[{"name":"wp","href":"https:\/\/api.w.org\/{rel}","templated":true}]}}