{"id":13072,"date":"2023-11-04T02:06:17","date_gmt":"2023-11-04T01:06:17","guid":{"rendered":"http:\/\/innocentiemangonipiante.it\/pandorea-jasminoides\/"},"modified":"2023-11-06T15:23:51","modified_gmt":"2023-11-06T14:23:51","slug":"pandorea-jasminoides","status":"publish","type":"product","link":"https:\/\/innocentiemangonipiante.it\/fr\/pandorea-jasminoides\/","title":{"rendered":"PANDOREA jasminoides"},"content":{"rendered":"<p>Plante grimpante vigoureuse et volubile aux tiges tortueuses ramifi\u00e9es et aux feuilles palm\u00e9es compos\u00e9es de 5 \u00e0 7 folioles de forme ov\u00e9elanc\u00e9ol\u00e9es, luisantes, d\u2019un vert vif et d\u2019une longueur de 5 cm. \u00c0 partir du printemps, s\u2019\u00e9panouissent des fleurs tubul\u00e9es, de couleur blanc-ros\u00e9 dont le centre est de couleur rose intense, r\u00e9unies en petites panicules.<\/p>\n","protected":false},"excerpt":{"rendered":"<p>Plante grimpante vigoureuse et volubile aux tiges tortueuses ramifi\u00e9es et aux feuilles palm\u00e9es compos\u00e9es de 5 \u00e0 7 folioles de forme ov\u00e9elanc\u00e9ol\u00e9es, luisantes, d\u2019un vert vif et d\u2019une longueur de 5 cm. \u00c0 partir du printemps, s\u2019\u00e9panouissent des fleurs tubul\u00e9es, de couleur blanc-ros\u00e9 dont le centre est de couleur rose intense, r\u00e9unies en petites panicules.<\/p>\n","protected":false},"featured_media":4280,"template":"","meta":{"_acf_changed":false},"product_brand":[],"product_cat":[8836],"product_tag":[10897],"class_list":{"0":"post-13072","1":"product","2":"type-product","3":"status-publish","4":"has-post-thumbnail","6":"product_cat-lianes","7":"product_tag-naturelle","8":"pa_altezza-massima-300-fr-2","9":"pa_altezza-massima-400-fr","10":"pa_colore-fioritura-rose","11":"pa_condizionamento-clt-fr","12":"pa_famiglia-bignoniaceae-fr","13":"pa_genere-pandorea-fr","14":"pa_origine-australie","15":"pa_periodo-fioritura-avril","16":"pa_periodo-fioritura-mai","17":"pa_portamento-liane","18":"pa_resistenza-climatica-plantes-avec-une-faible-resistance-climatique","19":"pa_resistenza-del-suolo-resistant-aux-sols-secs","20":"pa_utilizzo-parcs","21":"pa_utilizzo-petits-jardins","23":"first","24":"instock","25":"purchasable","26":"product-type-simple"},"acf":[],"_links":{"self":[{"href":"https:\/\/innocentiemangonipiante.it\/fr\/wp-json\/wp\/v2\/product\/13072","targetHints":{"allow":["GET"]}}],"collection":[{"href":"https:\/\/innocentiemangonipiante.it\/fr\/wp-json\/wp\/v2\/product"}],"about":[{"href":"https:\/\/innocentiemangonipiante.it\/fr\/wp-json\/wp\/v2\/types\/product"}],"wp:featuredmedia":[{"embeddable":true,"href":"https:\/\/innocentiemangonipiante.it\/fr\/wp-json\/wp\/v2\/media\/4280"}],"wp:attachment":[{"href":"https:\/\/innocentiemangonipiante.it\/fr\/wp-json\/wp\/v2\/media?parent=13072"}],"wp:term":[{"taxonomy":"product_brand","embeddable":true,"href":"https:\/\/innocentiemangonipiante.it\/fr\/wp-json\/wp\/v2\/product_brand?post=13072"},{"taxonomy":"product_cat","embeddable":true,"href":"https:\/\/innocentiemangonipiante.it\/fr\/wp-json\/wp\/v2\/product_cat?post=13072"},{"taxonomy":"product_tag","embeddable":true,"href":"https:\/\/innocentiemangonipiante.it\/fr\/wp-json\/wp\/v2\/product_tag?post=13072"}],"curies":[{"name":"wp","href":"https:\/\/api.w.org\/{rel}","templated":true}]}}