{"id":13073,"date":"2023-11-04T02:07:39","date_gmt":"2023-11-04T01:07:39","guid":{"rendered":"http:\/\/innocentiemangonipiante.it\/parrotia-persica-vanessa\/"},"modified":"2023-11-06T15:24:22","modified_gmt":"2023-11-06T14:24:22","slug":"parrotia-persica-vanessa","status":"publish","type":"product","link":"https:\/\/innocentiemangonipiante.it\/fr\/parrotia-persica-vanessa\/","title":{"rendered":"PARROTIA persica &lsquo;Vanessa&rsquo;"},"content":{"rendered":"<p>Petit arbre avec port plus \u00e9rig\u00e9 que son esp\u00e8ce. Tr\u00e8s bonne coloration automnale rouge orange.<\/p>\n","protected":false},"excerpt":{"rendered":"<p>Petit arbre avec port plus \u00e9rig\u00e9 que son esp\u00e8ce. Tr\u00e8s bonne coloration automnale rouge orange.<\/p>\n","protected":false},"featured_media":4299,"template":"","meta":{"_acf_changed":false},"product_brand":[],"product_cat":[8812],"product_tag":[10897,8497,8400],"class_list":{"0":"post-13073","1":"product","2":"type-product","3":"status-publish","4":"has-post-thumbnail","6":"product_cat-arbres-et-arbustes-a-feuilles-caduques","7":"product_tag-naturelle","8":"product_tag-cepee-remontee","9":"product_tag-tige","10":"pa_altezza-massima-500-fr","11":"pa_altezza-massima-800-fr","12":"pa_colore-fioritura-rouge","13":"pa_condizionamento-clt-fr","14":"pa_condizionamento-motte","15":"pa_famiglia-hamamelidaceae-fr","16":"pa_genere-parrotia-fr","17":"pa_inquinamento-resistance-a-la-pollution","18":"pa_origine-hollande","19":"pa_periodo-fioritura-fevrier","20":"pa_periodo-fioritura-mars","21":"pa_portamento-arrondi","22":"pa_resistenza-climatica-tres-elevee","23":"pa_resistenza-del-suolo-resistant-aux-sols-secs","24":"pa_utilizzo-avenues-fr","25":"pa_utilizzo-parcs","26":"pa_utilizzo-petits-jardins","28":"first","29":"instock","30":"purchasable","31":"product-type-simple"},"acf":[],"_links":{"self":[{"href":"https:\/\/innocentiemangonipiante.it\/fr\/wp-json\/wp\/v2\/product\/13073","targetHints":{"allow":["GET"]}}],"collection":[{"href":"https:\/\/innocentiemangonipiante.it\/fr\/wp-json\/wp\/v2\/product"}],"about":[{"href":"https:\/\/innocentiemangonipiante.it\/fr\/wp-json\/wp\/v2\/types\/product"}],"wp:featuredmedia":[{"embeddable":true,"href":"https:\/\/innocentiemangonipiante.it\/fr\/wp-json\/wp\/v2\/media\/4299"}],"wp:attachment":[{"href":"https:\/\/innocentiemangonipiante.it\/fr\/wp-json\/wp\/v2\/media?parent=13073"}],"wp:term":[{"taxonomy":"product_brand","embeddable":true,"href":"https:\/\/innocentiemangonipiante.it\/fr\/wp-json\/wp\/v2\/product_brand?post=13073"},{"taxonomy":"product_cat","embeddable":true,"href":"https:\/\/innocentiemangonipiante.it\/fr\/wp-json\/wp\/v2\/product_cat?post=13073"},{"taxonomy":"product_tag","embeddable":true,"href":"https:\/\/innocentiemangonipiante.it\/fr\/wp-json\/wp\/v2\/product_tag?post=13073"}],"curies":[{"name":"wp","href":"https:\/\/api.w.org\/{rel}","templated":true}]}}