{"id":13077,"date":"2023-11-04T02:08:09","date_gmt":"2023-11-04T01:08:09","guid":{"rendered":"http:\/\/innocentiemangonipiante.it\/parthenocissus-tricuspidata-veitchii\/"},"modified":"2023-11-06T15:25:10","modified_gmt":"2023-11-06T14:25:10","slug":"parthenocissus-tricuspidata-veitchii","status":"publish","type":"product","link":"https:\/\/innocentiemangonipiante.it\/fr\/parthenocissus-tricuspidata-veitchii\/","title":{"rendered":"PARTHENOCISSUS tricuspidata &lsquo;Veitchii&rsquo;"},"content":{"rendered":"<p>\u201cVigne vierge du Japon\u201d. Arbuste vigoureux, grimpant, ligneux aux feuilles largement ov\u00e9es et aux dents accentu\u00e9es de couleur verte. Elles virent au rouge pourpre fonc\u00e9 en automne.<\/p>\n","protected":false},"excerpt":{"rendered":"<p>\u201cVigne vierge du Japon\u201d. Arbuste vigoureux, grimpant, ligneux aux feuilles largement ov\u00e9es et aux dents accentu\u00e9es de couleur verte. Elles virent au rouge pourpre fonc\u00e9 en automne.<\/p>\n","protected":false},"featured_media":4312,"template":"","meta":{"_acf_changed":false},"product_brand":[],"product_cat":[8836],"product_tag":[10897],"class_list":{"0":"post-13077","1":"product","2":"type-product","3":"status-publish","4":"has-post-thumbnail","6":"product_cat-lianes","7":"product_tag-naturelle","8":"pa_altezza-massima-15-metres","9":"pa_altezza-massima-20-metres","10":"pa_condizionamento-clt-fr","11":"pa_famiglia-vitaceae-fr","12":"pa_genere-parthenocissus-fr","13":"pa_origine-asie-orientale","14":"pa_portamento-liane","15":"pa_resistenza-climatica-tres-elevee","16":"pa_resistenza-del-suolo-resistant-aux-sols-calcaires","17":"pa_resistenza-del-suolo-resistant-aux-sols-secs","18":"pa_utilizzo-parcs","19":"pa_utilizzo-petits-jardins","21":"first","22":"instock","23":"purchasable","24":"product-type-simple"},"acf":[],"_links":{"self":[{"href":"https:\/\/innocentiemangonipiante.it\/fr\/wp-json\/wp\/v2\/product\/13077","targetHints":{"allow":["GET"]}}],"collection":[{"href":"https:\/\/innocentiemangonipiante.it\/fr\/wp-json\/wp\/v2\/product"}],"about":[{"href":"https:\/\/innocentiemangonipiante.it\/fr\/wp-json\/wp\/v2\/types\/product"}],"wp:featuredmedia":[{"embeddable":true,"href":"https:\/\/innocentiemangonipiante.it\/fr\/wp-json\/wp\/v2\/media\/4312"}],"wp:attachment":[{"href":"https:\/\/innocentiemangonipiante.it\/fr\/wp-json\/wp\/v2\/media?parent=13077"}],"wp:term":[{"taxonomy":"product_brand","embeddable":true,"href":"https:\/\/innocentiemangonipiante.it\/fr\/wp-json\/wp\/v2\/product_brand?post=13077"},{"taxonomy":"product_cat","embeddable":true,"href":"https:\/\/innocentiemangonipiante.it\/fr\/wp-json\/wp\/v2\/product_cat?post=13077"},{"taxonomy":"product_tag","embeddable":true,"href":"https:\/\/innocentiemangonipiante.it\/fr\/wp-json\/wp\/v2\/product_tag?post=13077"}],"curies":[{"name":"wp","href":"https:\/\/api.w.org\/{rel}","templated":true}]}}