{"id":13079,"date":"2023-11-04T02:08:17","date_gmt":"2023-11-04T01:08:17","guid":{"rendered":"http:\/\/innocentiemangonipiante.it\/passiflora-caerulea\/"},"modified":"2023-11-06T15:25:13","modified_gmt":"2023-11-06T14:25:13","slug":"passiflora-caerulea","status":"publish","type":"product","link":"https:\/\/innocentiemangonipiante.it\/fr\/passiflora-caerulea\/","title":{"rendered":"PASSIFLORA caerulea"},"content":{"rendered":"<p>\u201cFleur de la Passion\u201d. Arbuste grimpant \u00e0 croissance rapide et aux branches quadrangulaires avec bords ail\u00e9s, feuilles vertes divis\u00e9es en 5 lobes. De l\u2019\u00e9t\u00e9 \u00e0 l\u2019automne, il donne des fleurs blanches en forme de coupe et des couronnes d\u2019un bleu-pourpre.<\/p>\n","protected":false},"excerpt":{"rendered":"<p>\u201cFleur de la Passion\u201d. Arbuste grimpant \u00e0 croissance rapide et aux branches quadrangulaires avec bords ail\u00e9s, feuilles vertes divis\u00e9es en 5 lobes. De l\u2019\u00e9t\u00e9 \u00e0 l\u2019automne, il donne des fleurs blanches en forme de coupe et des couronnes d\u2019un bleu-pourpre.<\/p>\n","protected":false},"featured_media":4318,"template":"","meta":{"_acf_changed":false},"product_brand":[],"product_cat":[8836,9230],"product_tag":[10897],"class_list":{"0":"post-13079","1":"product","2":"type-product","3":"status-publish","4":"has-post-thumbnail","6":"product_cat-lianes","7":"product_cat-arbres-et-plantes-du-futur","8":"product_tag-naturelle","9":"pa_altezza-massima-600-fr","10":"pa_altezza-massima-900-fr","11":"pa_colore-fioritura-blanc","12":"pa_condizionamento-clt-fr","13":"pa_famiglia-passifloraceae-fr","14":"pa_genere-passiflora-fr","15":"pa_origine-bresil","16":"pa_periodo-fioritura-aout","17":"pa_periodo-fioritura-juillet","18":"pa_periodo-fioritura-juin","19":"pa_periodo-fioritura-septembre","20":"pa_periodo-fruttificazione-juillet","21":"pa_portamento-liane","22":"pa_resistenza-climatica-moyenne","23":"pa_utilizzo-balcons","24":"pa_utilizzo-petits-jardins","26":"first","27":"instock","28":"purchasable","29":"product-type-simple"},"acf":[],"_links":{"self":[{"href":"https:\/\/innocentiemangonipiante.it\/fr\/wp-json\/wp\/v2\/product\/13079","targetHints":{"allow":["GET"]}}],"collection":[{"href":"https:\/\/innocentiemangonipiante.it\/fr\/wp-json\/wp\/v2\/product"}],"about":[{"href":"https:\/\/innocentiemangonipiante.it\/fr\/wp-json\/wp\/v2\/types\/product"}],"wp:featuredmedia":[{"embeddable":true,"href":"https:\/\/innocentiemangonipiante.it\/fr\/wp-json\/wp\/v2\/media\/4318"}],"wp:attachment":[{"href":"https:\/\/innocentiemangonipiante.it\/fr\/wp-json\/wp\/v2\/media?parent=13079"}],"wp:term":[{"taxonomy":"product_brand","embeddable":true,"href":"https:\/\/innocentiemangonipiante.it\/fr\/wp-json\/wp\/v2\/product_brand?post=13079"},{"taxonomy":"product_cat","embeddable":true,"href":"https:\/\/innocentiemangonipiante.it\/fr\/wp-json\/wp\/v2\/product_cat?post=13079"},{"taxonomy":"product_tag","embeddable":true,"href":"https:\/\/innocentiemangonipiante.it\/fr\/wp-json\/wp\/v2\/product_tag?post=13079"}],"curies":[{"name":"wp","href":"https:\/\/api.w.org\/{rel}","templated":true}]}}