{"id":13080,"date":"2023-11-04T02:08:24","date_gmt":"2023-11-04T01:08:24","guid":{"rendered":"http:\/\/innocentiemangonipiante.it\/paulownia-tomentosa\/"},"modified":"2023-11-06T15:25:15","modified_gmt":"2023-11-06T14:25:15","slug":"paulownia-tomentosa","status":"publish","type":"product","link":"https:\/\/innocentiemangonipiante.it\/fr\/paulownia-tomentosa\/","title":{"rendered":"PAULOWNIA tomentosa"},"content":{"rendered":"<p>Arbre \u00e0 feuilles caduques \u00e0 croissance rapide, feuilles ov\u00e9es de couleur verte, d\u2019une longueur de 30 cm, avec un duvet \u00e9pais sur la face inf\u00e9rieure. La floraison se presente \u00e0 la fin du printemps, avec des panicules \u00e9rig\u00e9es de fleurs parfum\u00e9es de couleur lilas et des marques pourpr\u00e9es, jaunes \u00e0 l\u2019int\u00e9rieur. R\u00e9sistant \u00e0 la pollution atmosph\u00e9rique.<\/p>\n","protected":false},"excerpt":{"rendered":"<p>Arbre \u00e0 feuilles caduques \u00e0 croissance rapide, feuilles ov\u00e9es de couleur verte, d\u2019une longueur de 30 cm, avec un duvet \u00e9pais sur la face inf\u00e9rieure. La floraison se presente \u00e0 la fin du printemps, avec des panicules \u00e9rig\u00e9es de fleurs parfum\u00e9es de couleur lilas et des marques pourpr\u00e9es, jaunes \u00e0 l\u2019int\u00e9rieur. R\u00e9sistant \u00e0 la pollution [&hellip;]<\/p>\n","protected":false},"featured_media":4324,"template":"","meta":{"_acf_changed":false},"product_brand":[],"product_cat":[8812,9230],"product_tag":[10897,8596,8400],"class_list":{"0":"post-13080","1":"product","2":"type-product","3":"status-publish","4":"has-post-thumbnail","6":"product_cat-arbres-et-arbustes-a-feuilles-caduques","7":"product_cat-arbres-et-plantes-du-futur","8":"product_tag-naturelle","9":"product_tag-cepee","10":"product_tag-tige","11":"pa_altezza-massima-800-fr","12":"pa_altezza-massima-12-metres","13":"pa_colore-fioritura-lilas","14":"pa_condizionamento-clt-fr","15":"pa_condizionamento-motte","16":"pa_famiglia-scrophulariaceae-fr","17":"pa_genere-paulownia-fr","18":"pa_inquinamento-resistance-a-la-pollution","19":"pa_origine-asie-orientale","20":"pa_periodo-fioritura-mai","21":"pa_portamento-allargato-fr","22":"pa_resistenza-climatica-tres-elevee","23":"pa_resistenza-del-suolo-resistant-aux-sols-calcaires","24":"pa_utilizzo-parcs","26":"first","27":"instock","28":"purchasable","29":"product-type-simple"},"acf":[],"_links":{"self":[{"href":"https:\/\/innocentiemangonipiante.it\/fr\/wp-json\/wp\/v2\/product\/13080","targetHints":{"allow":["GET"]}}],"collection":[{"href":"https:\/\/innocentiemangonipiante.it\/fr\/wp-json\/wp\/v2\/product"}],"about":[{"href":"https:\/\/innocentiemangonipiante.it\/fr\/wp-json\/wp\/v2\/types\/product"}],"wp:featuredmedia":[{"embeddable":true,"href":"https:\/\/innocentiemangonipiante.it\/fr\/wp-json\/wp\/v2\/media\/4324"}],"wp:attachment":[{"href":"https:\/\/innocentiemangonipiante.it\/fr\/wp-json\/wp\/v2\/media?parent=13080"}],"wp:term":[{"taxonomy":"product_brand","embeddable":true,"href":"https:\/\/innocentiemangonipiante.it\/fr\/wp-json\/wp\/v2\/product_brand?post=13080"},{"taxonomy":"product_cat","embeddable":true,"href":"https:\/\/innocentiemangonipiante.it\/fr\/wp-json\/wp\/v2\/product_cat?post=13080"},{"taxonomy":"product_tag","embeddable":true,"href":"https:\/\/innocentiemangonipiante.it\/fr\/wp-json\/wp\/v2\/product_tag?post=13080"}],"curies":[{"name":"wp","href":"https:\/\/api.w.org\/{rel}","templated":true}]}}