{"id":13081,"date":"2023-11-04T02:09:09","date_gmt":"2023-11-04T01:09:09","guid":{"rendered":"http:\/\/innocentiemangonipiante.it\/perovskia-atriplicifolia\/"},"modified":"2023-11-06T15:25:35","modified_gmt":"2023-11-06T14:25:35","slug":"perovskia-atriplicifolia","status":"publish","type":"product","link":"https:\/\/innocentiemangonipiante.it\/fr\/perovskia-atriplicifolia\/","title":{"rendered":"PEROVSKIA atriplicifolia"},"content":{"rendered":"<p>Sous-arbrisseau avec port \u00e9rig\u00e9 et pousses gris-blanches. Feuilles ov\u00e9es, profond\u00e9ment grav\u00e9es et lob\u00e9es, jusqu\u2019\u00e0 5 cm de longueur. \u00c0 la fin de l\u2019\u00e9t\u00e9, d\u00e9but d\u2019automne il produit des petites fleurs de couleur violet-bleue, form\u00e9es en \u00e9pis de 30cm de lougueur.<\/p>\n","protected":false},"excerpt":{"rendered":"<p>Sous-arbrisseau avec port \u00e9rig\u00e9 et pousses gris-blanches. Feuilles ov\u00e9es, profond\u00e9ment grav\u00e9es et lob\u00e9es, jusqu\u2019\u00e0 5 cm de longueur. \u00c0 la fin de l\u2019\u00e9t\u00e9, d\u00e9but d\u2019automne il produit des petites fleurs de couleur violet-bleue, form\u00e9es en \u00e9pis de 30cm de lougueur.<\/p>\n","protected":false},"featured_media":4330,"template":"","meta":{"_acf_changed":false},"product_brand":[],"product_cat":[8812,9230],"product_tag":[10897],"class_list":{"0":"post-13081","1":"product","2":"type-product","3":"status-publish","4":"has-post-thumbnail","6":"product_cat-arbres-et-arbustes-a-feuilles-caduques","7":"product_cat-arbres-et-plantes-du-futur","8":"product_tag-naturelle","9":"pa_altezza-massima-0_80-metres","10":"pa_altezza-massima-130-fr","11":"pa_colore-fioritura-violet-fr","12":"pa_condizionamento-clt-fr","13":"pa_famiglia-labiatae-fr","14":"pa_genere-perovskia-fr","15":"pa_origine-afghanistan-fr","16":"pa_periodo-fioritura-aout","17":"pa_periodo-fioritura-septembre","18":"pa_portamento-eretto-fr","19":"pa_resistenza-climatica-tres-elevee","20":"pa_resistenza-del-suolo-resistant-aux-sols-calcaires","21":"pa_resistenza-del-suolo-resistant-aux-sols-secs","22":"pa_salinita-resistance-a-la-salinisation","23":"pa_utilizzo-petits-jardins","25":"first","26":"instock","27":"purchasable","28":"product-type-simple"},"acf":[],"_links":{"self":[{"href":"https:\/\/innocentiemangonipiante.it\/fr\/wp-json\/wp\/v2\/product\/13081","targetHints":{"allow":["GET"]}}],"collection":[{"href":"https:\/\/innocentiemangonipiante.it\/fr\/wp-json\/wp\/v2\/product"}],"about":[{"href":"https:\/\/innocentiemangonipiante.it\/fr\/wp-json\/wp\/v2\/types\/product"}],"wp:featuredmedia":[{"embeddable":true,"href":"https:\/\/innocentiemangonipiante.it\/fr\/wp-json\/wp\/v2\/media\/4330"}],"wp:attachment":[{"href":"https:\/\/innocentiemangonipiante.it\/fr\/wp-json\/wp\/v2\/media?parent=13081"}],"wp:term":[{"taxonomy":"product_brand","embeddable":true,"href":"https:\/\/innocentiemangonipiante.it\/fr\/wp-json\/wp\/v2\/product_brand?post=13081"},{"taxonomy":"product_cat","embeddable":true,"href":"https:\/\/innocentiemangonipiante.it\/fr\/wp-json\/wp\/v2\/product_cat?post=13081"},{"taxonomy":"product_tag","embeddable":true,"href":"https:\/\/innocentiemangonipiante.it\/fr\/wp-json\/wp\/v2\/product_tag?post=13081"}],"curies":[{"name":"wp","href":"https:\/\/api.w.org\/{rel}","templated":true}]}}