{"id":13083,"date":"2023-11-04T02:10:01","date_gmt":"2023-11-04T01:10:01","guid":{"rendered":"http:\/\/innocentiemangonipiante.it\/philadelphus-coronarius\/"},"modified":"2023-11-06T15:25:54","modified_gmt":"2023-11-06T14:25:54","slug":"philadelphus-coronarius","status":"publish","type":"product","link":"https:\/\/innocentiemangonipiante.it\/fr\/philadelphus-coronarius\/","title":{"rendered":"PHILADELPHUS coronarius"},"content":{"rendered":"<p>Arbuste caduc, largement \u00e9rig\u00e9 avec feuilles ov\u00e9es et l\u00e9g\u00e8rement dent\u00e9l\u00e9es, jusqu\u2019\u00e0 10cm de longueur. Fleur en forme de coupe, simple et fragrante, de couleur blanc-cr\u00e8me \u00e0 la fin de l\u2019\u00e9t\u00e9.<\/p>\n","protected":false},"excerpt":{"rendered":"<p>Arbuste caduc, largement \u00e9rig\u00e9 avec feuilles ov\u00e9es et l\u00e9g\u00e8rement dent\u00e9l\u00e9es, jusqu\u2019\u00e0 10cm de longueur. Fleur en forme de coupe, simple et fragrante, de couleur blanc-cr\u00e8me \u00e0 la fin de l\u2019\u00e9t\u00e9.<\/p>\n","protected":false},"featured_media":4336,"template":"","meta":{"_acf_changed":false},"product_brand":[],"product_cat":[8812],"product_tag":[10897],"class_list":{"0":"post-13083","1":"product","2":"type-product","3":"status-publish","4":"has-post-thumbnail","6":"product_cat-arbres-et-arbustes-a-feuilles-caduques","7":"product_tag-naturelle","8":"pa_altezza-massima-200-fr","9":"pa_altezza-massima-300-fr-2","10":"pa_colore-fioritura-blanc","11":"pa_condizionamento-clt-fr","12":"pa_famiglia-philadelphaceae-fr","13":"pa_genere-philadelphus-fr","14":"pa_inquinamento-resistance-a-la-pollution","15":"pa_origine-caucase","16":"pa_periodo-fioritura-aout","17":"pa_periodo-fioritura-septembre","18":"pa_portamento-eretto-fr","19":"pa_profumo-intense-fr","20":"pa_resistenza-climatica-tres-elevee","21":"pa_resistenza-del-suolo-resistant-aux-sols-calcaires","22":"pa_salinita-resistance-a-la-salinisation","23":"pa_utilizzo-balcons","24":"pa_utilizzo-haies","25":"pa_utilizzo-petits-jardins","27":"first","28":"instock","29":"purchasable","30":"product-type-simple"},"acf":[],"_links":{"self":[{"href":"https:\/\/innocentiemangonipiante.it\/fr\/wp-json\/wp\/v2\/product\/13083","targetHints":{"allow":["GET"]}}],"collection":[{"href":"https:\/\/innocentiemangonipiante.it\/fr\/wp-json\/wp\/v2\/product"}],"about":[{"href":"https:\/\/innocentiemangonipiante.it\/fr\/wp-json\/wp\/v2\/types\/product"}],"wp:featuredmedia":[{"embeddable":true,"href":"https:\/\/innocentiemangonipiante.it\/fr\/wp-json\/wp\/v2\/media\/4336"}],"wp:attachment":[{"href":"https:\/\/innocentiemangonipiante.it\/fr\/wp-json\/wp\/v2\/media?parent=13083"}],"wp:term":[{"taxonomy":"product_brand","embeddable":true,"href":"https:\/\/innocentiemangonipiante.it\/fr\/wp-json\/wp\/v2\/product_brand?post=13083"},{"taxonomy":"product_cat","embeddable":true,"href":"https:\/\/innocentiemangonipiante.it\/fr\/wp-json\/wp\/v2\/product_cat?post=13083"},{"taxonomy":"product_tag","embeddable":true,"href":"https:\/\/innocentiemangonipiante.it\/fr\/wp-json\/wp\/v2\/product_tag?post=13083"}],"curies":[{"name":"wp","href":"https:\/\/api.w.org\/{rel}","templated":true}]}}