{"id":13084,"date":"2023-11-04T02:10:15","date_gmt":"2023-11-04T01:10:15","guid":{"rendered":"http:\/\/innocentiemangonipiante.it\/phillyrea-angustifolia\/"},"modified":"2023-11-06T15:25:59","modified_gmt":"2023-11-06T14:25:59","slug":"phillyrea-angustifolia","status":"publish","type":"product","link":"https:\/\/innocentiemangonipiante.it\/fr\/phillyrea-angustifolia\/","title":{"rendered":"PHILLYREA angustifolia"},"content":{"rendered":"<p>Arbuste persistant buissoneux compact, avec feuilles \u00e9troitement lin\u00e9aires, vert fonc\u00e9 jusqu\u2019\u00e0 6 cm longues. Les fleurs parfumm\u00e9es, blanches, apparaissent \u00e0 la fin du printemps, d\u00e9but de l\u2019\u00e9t\u00e9 et sont suivies par des baies spheriques noir-bleu.<\/p>\n","protected":false},"excerpt":{"rendered":"<p>Arbuste persistant buissoneux compact, avec feuilles \u00e9troitement lin\u00e9aires, vert fonc\u00e9 jusqu\u2019\u00e0 6 cm longues. Les fleurs parfumm\u00e9es, blanches, apparaissent \u00e0 la fin du printemps, d\u00e9but de l\u2019\u00e9t\u00e9 et sont suivies par des baies spheriques noir-bleu.<\/p>\n","protected":false},"featured_media":4348,"template":"","meta":{"_acf_changed":false},"product_brand":[],"product_cat":[8817,9230],"product_tag":[10897,6265,8596,8497,6266],"class_list":{"0":"post-13084","1":"product","2":"type-product","3":"status-publish","4":"has-post-thumbnail","6":"product_cat-arbres-et-arbustes-persistants","7":"product_cat-arbres-et-plantes-du-futur","8":"product_tag-naturelle","9":"product_tag-boule","10":"product_tag-cepee","11":"product_tag-cepee-remontee","12":"product_tag-jardiniere","13":"pa_altezza-massima-200-fr","14":"pa_altezza-massima-300-fr-2","15":"pa_colore-fioritura-blanc","16":"pa_condizionamento-clt-fr","17":"pa_condizionamento-vs-fr","18":"pa_famiglia-oleaceae-fr","19":"pa_genere-phillyrea-fr","20":"pa_origine-europe-mediterraneenne","21":"pa_periodo-fioritura-juin","22":"pa_periodo-fioritura-mai","23":"pa_periodo-fruttificazione-juillet","24":"pa_portamento-arrondi","25":"pa_profumo-intense-fr","26":"pa_resistenza-climatica-tres-elevee","27":"pa_resistenza-del-suolo-resistant-aux-sols-calcaires","28":"pa_salinita-resistance-a-la-salinisation","29":"pa_utilizzo-balcons","30":"pa_utilizzo-haies","31":"pa_utilizzo-petits-jardins","33":"first","34":"instock","35":"purchasable","36":"product-type-simple"},"acf":[],"_links":{"self":[{"href":"https:\/\/innocentiemangonipiante.it\/fr\/wp-json\/wp\/v2\/product\/13084","targetHints":{"allow":["GET"]}}],"collection":[{"href":"https:\/\/innocentiemangonipiante.it\/fr\/wp-json\/wp\/v2\/product"}],"about":[{"href":"https:\/\/innocentiemangonipiante.it\/fr\/wp-json\/wp\/v2\/types\/product"}],"wp:featuredmedia":[{"embeddable":true,"href":"https:\/\/innocentiemangonipiante.it\/fr\/wp-json\/wp\/v2\/media\/4348"}],"wp:attachment":[{"href":"https:\/\/innocentiemangonipiante.it\/fr\/wp-json\/wp\/v2\/media?parent=13084"}],"wp:term":[{"taxonomy":"product_brand","embeddable":true,"href":"https:\/\/innocentiemangonipiante.it\/fr\/wp-json\/wp\/v2\/product_brand?post=13084"},{"taxonomy":"product_cat","embeddable":true,"href":"https:\/\/innocentiemangonipiante.it\/fr\/wp-json\/wp\/v2\/product_cat?post=13084"},{"taxonomy":"product_tag","embeddable":true,"href":"https:\/\/innocentiemangonipiante.it\/fr\/wp-json\/wp\/v2\/product_tag?post=13084"}],"curies":[{"name":"wp","href":"https:\/\/api.w.org\/{rel}","templated":true}]}}