{"id":13086,"date":"2023-11-04T02:11:20","date_gmt":"2023-11-04T01:11:20","guid":{"rendered":"http:\/\/innocentiemangonipiante.it\/phoenix-canariensis\/"},"modified":"2023-11-06T15:26:29","modified_gmt":"2023-11-06T14:26:29","slug":"phoenix-canariensis","status":"publish","type":"product","link":"https:\/\/innocentiemangonipiante.it\/fr\/phoenix-canariensis\/","title":{"rendered":"PHOENIX canariensis"},"content":{"rendered":"<p>Palmier de grandeur moyenne avec tronc colonnaire robuste marqu\u00e9 par la coupure des feuilles. Celles-ci sont penn\u00e9es, d\u2019une longueur de 6 m, compos\u00e9es de nombreuses folioles lin\u00e9aires au col vert. En \u00e9t\u00e9, il d\u00e9veloppe des panicules pendantes de fleurs en coupe de couleur cr\u00e8me-jaune suivies de fruits cylindriques ou ellipso\u00efdaux rouges, nuanc\u00e9s de jaune.<\/p>\n","protected":false},"excerpt":{"rendered":"<p>Palmier de grandeur moyenne avec tronc colonnaire robuste marqu\u00e9 par la coupure des feuilles. Celles-ci sont penn\u00e9es, d\u2019une longueur de 6 m, compos\u00e9es de nombreuses folioles lin\u00e9aires au col vert. En \u00e9t\u00e9, il d\u00e9veloppe des panicules pendantes de fleurs en coupe de couleur cr\u00e8me-jaune suivies de fruits cylindriques ou ellipso\u00efdaux rouges, nuanc\u00e9s de jaune.<\/p>\n","protected":false},"featured_media":4360,"template":"","meta":{"_acf_changed":false},"product_brand":[],"product_cat":[8833,9230],"product_tag":[10897],"class_list":{"0":"post-13086","1":"product","2":"type-product","3":"status-publish","4":"has-post-thumbnail","6":"product_cat-palme-et-succulent","7":"product_cat-arbres-et-plantes-du-futur","8":"product_tag-naturelle","9":"pa_altezza-massima-15-metres","10":"pa_altezza-massima-20-metres","11":"pa_colore-fioritura-jaune","12":"pa_condizionamento-clt-fr","13":"pa_condizionamento-plant-plast-fr","14":"pa_famiglia-palmae-fr","15":"pa_genere-phoenix-fr","16":"pa_origine-iles-canaries","17":"pa_periodo-fioritura-aout","18":"pa_periodo-fioritura-juillet","19":"pa_periodo-fruttificazione-septembre","20":"pa_portamento-eretto-fr","21":"pa_resistenza-climatica-tres-faible","22":"pa_resistenza-del-suolo-resistant-aux-sols-secs","23":"pa_salinita-resistance-a-la-salinisation","24":"pa_utilizzo-parcs","25":"pa_utilizzo-petits-jardins","27":"first","28":"instock","29":"purchasable","30":"product-type-simple"},"acf":[],"_links":{"self":[{"href":"https:\/\/innocentiemangonipiante.it\/fr\/wp-json\/wp\/v2\/product\/13086","targetHints":{"allow":["GET"]}}],"collection":[{"href":"https:\/\/innocentiemangonipiante.it\/fr\/wp-json\/wp\/v2\/product"}],"about":[{"href":"https:\/\/innocentiemangonipiante.it\/fr\/wp-json\/wp\/v2\/types\/product"}],"wp:featuredmedia":[{"embeddable":true,"href":"https:\/\/innocentiemangonipiante.it\/fr\/wp-json\/wp\/v2\/media\/4360"}],"wp:attachment":[{"href":"https:\/\/innocentiemangonipiante.it\/fr\/wp-json\/wp\/v2\/media?parent=13086"}],"wp:term":[{"taxonomy":"product_brand","embeddable":true,"href":"https:\/\/innocentiemangonipiante.it\/fr\/wp-json\/wp\/v2\/product_brand?post=13086"},{"taxonomy":"product_cat","embeddable":true,"href":"https:\/\/innocentiemangonipiante.it\/fr\/wp-json\/wp\/v2\/product_cat?post=13086"},{"taxonomy":"product_tag","embeddable":true,"href":"https:\/\/innocentiemangonipiante.it\/fr\/wp-json\/wp\/v2\/product_tag?post=13086"}],"curies":[{"name":"wp","href":"https:\/\/api.w.org\/{rel}","templated":true}]}}