{"id":13088,"date":"2023-11-04T02:12:50","date_gmt":"2023-11-04T01:12:50","guid":{"rendered":"http:\/\/innocentiemangonipiante.it\/phormium-sundowner\/"},"modified":"2023-11-06T15:27:07","modified_gmt":"2023-11-06T14:27:07","slug":"phormium-sundowner","status":"publish","type":"product","link":"https:\/\/innocentiemangonipiante.it\/fr\/phormium-sundowner\/","title":{"rendered":"PHORMIUM &lsquo;Sundowner&rsquo;"},"content":{"rendered":"<p>Le port est \u00e9rig\u00e9. Le feuillage de couleur bronze-vert pr\u00e9sente des bords de rose \u00e0 cr\u00e8me.<\/p>\n","protected":false},"excerpt":{"rendered":"<p>Le port est \u00e9rig\u00e9. Le feuillage de couleur bronze-vert pr\u00e9sente des bords de rose \u00e0 cr\u00e8me.<\/p>\n","protected":false},"featured_media":4380,"template":"","meta":{"_acf_changed":false},"product_brand":[],"product_cat":[8817],"product_tag":[10897],"class_list":{"0":"post-13088","1":"product","2":"type-product","3":"status-publish","4":"has-post-thumbnail","6":"product_cat-arbres-et-arbustes-persistants","7":"product_tag-naturelle","8":"pa_altezza-massima-200-fr","9":"pa_altezza-massima-300-fr-2","10":"pa_colore-delle-foglie-panachees","11":"pa_condizionamento-clt-fr","12":"pa_famiglia-agavaceae-phormiaceae-fr","13":"pa_genere-phormium-fr","14":"pa_origine-nouvelle-zelande-fr","15":"pa_portamento-eretto-fr","16":"pa_resistenza-climatica-moyenne","17":"pa_resistenza-del-suolo-resistant-aux-sols-secs","18":"pa_utilizzo-parcs","19":"pa_utilizzo-petits-jardins","21":"first","22":"instock","23":"purchasable","24":"product-type-simple"},"acf":[],"_links":{"self":[{"href":"https:\/\/innocentiemangonipiante.it\/fr\/wp-json\/wp\/v2\/product\/13088","targetHints":{"allow":["GET"]}}],"collection":[{"href":"https:\/\/innocentiemangonipiante.it\/fr\/wp-json\/wp\/v2\/product"}],"about":[{"href":"https:\/\/innocentiemangonipiante.it\/fr\/wp-json\/wp\/v2\/types\/product"}],"wp:featuredmedia":[{"embeddable":true,"href":"https:\/\/innocentiemangonipiante.it\/fr\/wp-json\/wp\/v2\/media\/4380"}],"wp:attachment":[{"href":"https:\/\/innocentiemangonipiante.it\/fr\/wp-json\/wp\/v2\/media?parent=13088"}],"wp:term":[{"taxonomy":"product_brand","embeddable":true,"href":"https:\/\/innocentiemangonipiante.it\/fr\/wp-json\/wp\/v2\/product_brand?post=13088"},{"taxonomy":"product_cat","embeddable":true,"href":"https:\/\/innocentiemangonipiante.it\/fr\/wp-json\/wp\/v2\/product_cat?post=13088"},{"taxonomy":"product_tag","embeddable":true,"href":"https:\/\/innocentiemangonipiante.it\/fr\/wp-json\/wp\/v2\/product_tag?post=13088"}],"curies":[{"name":"wp","href":"https:\/\/api.w.org\/{rel}","templated":true}]}}