{"id":13092,"date":"2023-11-04T02:13:51","date_gmt":"2023-11-04T01:13:51","guid":{"rendered":"http:\/\/innocentiemangonipiante.it\/phormium-tenax-variegatum\/"},"modified":"2023-11-06T15:28:09","modified_gmt":"2023-11-06T14:28:09","slug":"phormium-tenax-variegatum","status":"publish","type":"product","link":"https:\/\/innocentiemangonipiante.it\/fr\/phormium-tenax-variegatum\/","title":{"rendered":"PHORMIUM tenax &lsquo;Variegatum&rsquo;"},"content":{"rendered":"<p>Plante vivace cespiteuse aux larges feuilles \u00e9rig\u00e9es lin\u00e9aires bigarr\u00e9es de vert \u00e0 l\u2019int\u00e9rieur et de jaune \u00e0 l\u2019ext\u00e9rieur. D\u00e9veloppe des panicules d\u2019une longueur de 4 m de fleurs tubul\u00e9es blanc cr\u00e8me.<\/p>\n","protected":false},"excerpt":{"rendered":"<p>Plante vivace cespiteuse aux larges feuilles \u00e9rig\u00e9es lin\u00e9aires bigarr\u00e9es de vert \u00e0 l\u2019int\u00e9rieur et de jaune \u00e0 l\u2019ext\u00e9rieur. D\u00e9veloppe des panicules d\u2019une longueur de 4 m de fleurs tubul\u00e9es blanc cr\u00e8me.<\/p>\n","protected":false},"featured_media":4410,"template":"","meta":{"_acf_changed":false},"product_brand":[],"product_cat":[8817],"product_tag":[10897],"class_list":{"0":"post-13092","1":"product","2":"type-product","3":"status-publish","4":"has-post-thumbnail","6":"product_cat-arbres-et-arbustes-persistants","7":"product_tag-naturelle","8":"pa_altezza-massima-300-fr-2","9":"pa_altezza-massima-400-fr","10":"pa_colore-delle-foglie-panachees","11":"pa_colore-fioritura-blanc","12":"pa_famiglia-phormiaceae-fr","13":"pa_genere-phormium-fr","14":"pa_origine-nouvelle-zelande-fr","15":"pa_periodo-fioritura-aout","16":"pa_periodo-fioritura-juillet","17":"pa_portamento-eretto-fr","18":"pa_resistenza-climatica-moyenne","19":"pa_resistenza-del-suolo-resistant-aux-sols-secs","20":"pa_salinita-resistance-a-la-salinisation","21":"pa_utilizzo-parcs","23":"first","24":"instock","25":"purchasable","26":"product-type-simple"},"acf":[],"_links":{"self":[{"href":"https:\/\/innocentiemangonipiante.it\/fr\/wp-json\/wp\/v2\/product\/13092","targetHints":{"allow":["GET"]}}],"collection":[{"href":"https:\/\/innocentiemangonipiante.it\/fr\/wp-json\/wp\/v2\/product"}],"about":[{"href":"https:\/\/innocentiemangonipiante.it\/fr\/wp-json\/wp\/v2\/types\/product"}],"wp:featuredmedia":[{"embeddable":true,"href":"https:\/\/innocentiemangonipiante.it\/fr\/wp-json\/wp\/v2\/media\/4410"}],"wp:attachment":[{"href":"https:\/\/innocentiemangonipiante.it\/fr\/wp-json\/wp\/v2\/media?parent=13092"}],"wp:term":[{"taxonomy":"product_brand","embeddable":true,"href":"https:\/\/innocentiemangonipiante.it\/fr\/wp-json\/wp\/v2\/product_brand?post=13092"},{"taxonomy":"product_cat","embeddable":true,"href":"https:\/\/innocentiemangonipiante.it\/fr\/wp-json\/wp\/v2\/product_cat?post=13092"},{"taxonomy":"product_tag","embeddable":true,"href":"https:\/\/innocentiemangonipiante.it\/fr\/wp-json\/wp\/v2\/product_tag?post=13092"}],"curies":[{"name":"wp","href":"https:\/\/api.w.org\/{rel}","templated":true}]}}