{"id":13093,"date":"2023-11-04T02:13:36","date_gmt":"2023-11-04T01:13:36","guid":{"rendered":"http:\/\/innocentiemangonipiante.it\/phormium-tenax-purpureum\/"},"modified":"2023-11-06T15:28:01","modified_gmt":"2023-11-06T14:28:01","slug":"phormium-tenax-purpureum","status":"publish","type":"product","link":"https:\/\/innocentiemangonipiante.it\/fr\/phormium-tenax-purpureum\/","title":{"rendered":"PHORMIUM tenax &lsquo;Purpureum&rsquo;"},"content":{"rendered":"<p>Plante vivace, cespiteuse aux larges feuilles \u00e9rig\u00e9es lin\u00e9aires allant du vert au rouge pourpre.<\/p>\n","protected":false},"excerpt":{"rendered":"<p>Plante vivace, cespiteuse aux larges feuilles \u00e9rig\u00e9es lin\u00e9aires allant du vert au rouge pourpre.<\/p>\n","protected":false},"featured_media":4404,"template":"","meta":{"_acf_changed":false},"product_brand":[],"product_cat":[8817],"product_tag":[10897],"class_list":{"0":"post-13093","1":"product","2":"type-product","3":"status-publish","4":"has-post-thumbnail","6":"product_cat-arbres-et-arbustes-persistants","7":"product_tag-naturelle","8":"pa_altezza-massima-300-fr-2","9":"pa_altezza-massima-400-fr","10":"pa_colore-delle-foglie-rouge","11":"pa_colore-fioritura-blanc","12":"pa_condizionamento-clt-fr","13":"pa_condizionamento-vs-fr","14":"pa_famiglia-phormiaceae-fr","15":"pa_genere-phormium-fr","16":"pa_origine-nouvelle-zelande-fr","17":"pa_periodo-fioritura-aout","18":"pa_periodo-fioritura-juillet","19":"pa_portamento-eretto-fr","20":"pa_resistenza-climatica-moyenne","21":"pa_resistenza-del-suolo-resistant-aux-sols-secs","22":"pa_salinita-resistance-a-la-salinisation","23":"pa_utilizzo-parcs","24":"pa_utilizzo-petits-jardins","26":"first","27":"instock","28":"purchasable","29":"product-type-simple"},"acf":[],"_links":{"self":[{"href":"https:\/\/innocentiemangonipiante.it\/fr\/wp-json\/wp\/v2\/product\/13093","targetHints":{"allow":["GET"]}}],"collection":[{"href":"https:\/\/innocentiemangonipiante.it\/fr\/wp-json\/wp\/v2\/product"}],"about":[{"href":"https:\/\/innocentiemangonipiante.it\/fr\/wp-json\/wp\/v2\/types\/product"}],"wp:featuredmedia":[{"embeddable":true,"href":"https:\/\/innocentiemangonipiante.it\/fr\/wp-json\/wp\/v2\/media\/4404"}],"wp:attachment":[{"href":"https:\/\/innocentiemangonipiante.it\/fr\/wp-json\/wp\/v2\/media?parent=13093"}],"wp:term":[{"taxonomy":"product_brand","embeddable":true,"href":"https:\/\/innocentiemangonipiante.it\/fr\/wp-json\/wp\/v2\/product_brand?post=13093"},{"taxonomy":"product_cat","embeddable":true,"href":"https:\/\/innocentiemangonipiante.it\/fr\/wp-json\/wp\/v2\/product_cat?post=13093"},{"taxonomy":"product_tag","embeddable":true,"href":"https:\/\/innocentiemangonipiante.it\/fr\/wp-json\/wp\/v2\/product_tag?post=13093"}],"curies":[{"name":"wp","href":"https:\/\/api.w.org\/{rel}","templated":true}]}}