{"id":13094,"date":"2023-11-04T02:13:28","date_gmt":"2023-11-04T01:13:28","guid":{"rendered":"http:\/\/innocentiemangonipiante.it\/phormium-tenax\/"},"modified":"2023-11-06T15:27:23","modified_gmt":"2023-11-06T14:27:23","slug":"phormium-tenax","status":"publish","type":"product","link":"https:\/\/innocentiemangonipiante.it\/fr\/phormium-tenax\/","title":{"rendered":"PHORMIUM tenax"},"content":{"rendered":"<p>\u201cLin de Nouvelle Z\u00e9lande\u201d. Plante vivace cespiteuse aux larges feuilles \u00e9rig\u00e9es, lin\u00e9aires, de couleur vert fonc\u00e9 dessus et bleu-vert dessous. En \u00e9t\u00e9, s\u2019\u00e9panouissent des panicules rouge pourpre de fleurs tubul\u00e9es rouge \u00e9teint d\u2019une longueur de 4 m.<\/p>\n","protected":false},"excerpt":{"rendered":"<p>\u201cLin de Nouvelle Z\u00e9lande\u201d. Plante vivace cespiteuse aux larges feuilles \u00e9rig\u00e9es, lin\u00e9aires, de couleur vert fonc\u00e9 dessus et bleu-vert dessous. En \u00e9t\u00e9, s\u2019\u00e9panouissent des panicules rouge pourpre de fleurs tubul\u00e9es rouge \u00e9teint d\u2019une longueur de 4 m.<\/p>\n","protected":false},"featured_media":4398,"template":"","meta":{"_acf_changed":false},"product_brand":[],"product_cat":[8817],"product_tag":[10897],"class_list":{"0":"post-13094","1":"product","2":"type-product","3":"status-publish","4":"has-post-thumbnail","6":"product_cat-arbres-et-arbustes-persistants","7":"product_tag-naturelle","8":"pa_altezza-massima-300-fr-2","9":"pa_altezza-massima-400-fr","10":"pa_colore-fioritura-rouge","11":"pa_condizionamento-clt-fr","12":"pa_condizionamento-vs-fr","13":"pa_famiglia-phormiaceae-fr","14":"pa_genere-phormium-fr","15":"pa_origine-nouvelle-zelande-fr","16":"pa_periodo-fioritura-aout","17":"pa_periodo-fioritura-juillet","18":"pa_portamento-eretto-fr","19":"pa_resistenza-climatica-moyenne","20":"pa_resistenza-del-suolo-resistant-aux-sols-secs","21":"pa_salinita-resistance-a-la-salinisation","22":"pa_utilizzo-parcs","24":"first","25":"instock","26":"purchasable","27":"product-type-simple"},"acf":[],"_links":{"self":[{"href":"https:\/\/innocentiemangonipiante.it\/fr\/wp-json\/wp\/v2\/product\/13094","targetHints":{"allow":["GET"]}}],"collection":[{"href":"https:\/\/innocentiemangonipiante.it\/fr\/wp-json\/wp\/v2\/product"}],"about":[{"href":"https:\/\/innocentiemangonipiante.it\/fr\/wp-json\/wp\/v2\/types\/product"}],"wp:featuredmedia":[{"embeddable":true,"href":"https:\/\/innocentiemangonipiante.it\/fr\/wp-json\/wp\/v2\/media\/4398"}],"wp:attachment":[{"href":"https:\/\/innocentiemangonipiante.it\/fr\/wp-json\/wp\/v2\/media?parent=13094"}],"wp:term":[{"taxonomy":"product_brand","embeddable":true,"href":"https:\/\/innocentiemangonipiante.it\/fr\/wp-json\/wp\/v2\/product_brand?post=13094"},{"taxonomy":"product_cat","embeddable":true,"href":"https:\/\/innocentiemangonipiante.it\/fr\/wp-json\/wp\/v2\/product_cat?post=13094"},{"taxonomy":"product_tag","embeddable":true,"href":"https:\/\/innocentiemangonipiante.it\/fr\/wp-json\/wp\/v2\/product_tag?post=13094"}],"curies":[{"name":"wp","href":"https:\/\/api.w.org\/{rel}","templated":true}]}}