{"id":13097,"date":"2023-11-04T02:14:04","date_gmt":"2023-11-04T01:14:04","guid":{"rendered":"http:\/\/innocentiemangonipiante.it\/photinia-serratifolia-pink-crispy\/"},"modified":"2023-11-06T15:28:13","modified_gmt":"2023-11-06T14:28:13","slug":"photinia-serratifolia-pink-crispy","status":"publish","type":"product","link":"https:\/\/innocentiemangonipiante.it\/fr\/photinia-serratifolia-pink-crispy\/","title":{"rendered":"PHOTINIA serratifolia &lsquo;Pink Crispy&rsquo; \u00ae"},"content":{"rendered":"<p>Feuillage panach\u00e9 vert et cr\u00e8me, mais la jeune v\u00e9g\u00e9tation est rouge ros\u00e9.<\/p>\n","protected":false},"excerpt":{"rendered":"<p>Feuillage panach\u00e9 vert et cr\u00e8me, mais la jeune v\u00e9g\u00e9tation est rouge ros\u00e9.<\/p>\n","protected":false},"featured_media":4416,"template":"","meta":{"_acf_changed":false},"product_brand":[],"product_cat":[8817],"product_tag":[10897],"class_list":{"0":"post-13097","1":"product","2":"type-product","3":"status-publish","4":"has-post-thumbnail","6":"product_cat-arbres-et-arbustes-persistants","7":"product_tag-naturelle","8":"pa_altezza-massima-150-fr","9":"pa_altezza-massima-200-fr","10":"pa_colore-delle-foglie-panachees","11":"pa_colore-fioritura-blanc","12":"pa_famiglia-rosaceae-fr","13":"pa_genere-photinia-fr","14":"pa_origine-hollande","15":"pa_periodo-fioritura-avril","16":"pa_periodo-fioritura-juin","17":"pa_periodo-fioritura-mai","18":"pa_portamento-eretto-fr","19":"pa_salinita-resistance-a-la-salinisation","20":"pa_utilizzo-balcons","21":"pa_utilizzo-petits-jardins","23":"first","24":"instock","25":"purchasable","26":"product-type-simple"},"acf":[],"_links":{"self":[{"href":"https:\/\/innocentiemangonipiante.it\/fr\/wp-json\/wp\/v2\/product\/13097","targetHints":{"allow":["GET"]}}],"collection":[{"href":"https:\/\/innocentiemangonipiante.it\/fr\/wp-json\/wp\/v2\/product"}],"about":[{"href":"https:\/\/innocentiemangonipiante.it\/fr\/wp-json\/wp\/v2\/types\/product"}],"wp:featuredmedia":[{"embeddable":true,"href":"https:\/\/innocentiemangonipiante.it\/fr\/wp-json\/wp\/v2\/media\/4416"}],"wp:attachment":[{"href":"https:\/\/innocentiemangonipiante.it\/fr\/wp-json\/wp\/v2\/media?parent=13097"}],"wp:term":[{"taxonomy":"product_brand","embeddable":true,"href":"https:\/\/innocentiemangonipiante.it\/fr\/wp-json\/wp\/v2\/product_brand?post=13097"},{"taxonomy":"product_cat","embeddable":true,"href":"https:\/\/innocentiemangonipiante.it\/fr\/wp-json\/wp\/v2\/product_cat?post=13097"},{"taxonomy":"product_tag","embeddable":true,"href":"https:\/\/innocentiemangonipiante.it\/fr\/wp-json\/wp\/v2\/product_tag?post=13097"}],"curies":[{"name":"wp","href":"https:\/\/api.w.org\/{rel}","templated":true}]}}