{"id":13098,"date":"2023-11-04T02:15:19","date_gmt":"2023-11-04T01:15:19","guid":{"rendered":"http:\/\/innocentiemangonipiante.it\/photinia-x-fraseri-red-robin\/"},"modified":"2023-11-06T15:29:10","modified_gmt":"2023-11-06T14:29:10","slug":"photinia-x-fraseri-red-robin","status":"publish","type":"product","link":"https:\/\/innocentiemangonipiante.it\/fr\/photinia-x-fraseri-red-robin\/","title":{"rendered":"PHOTINIA x fraseri &lsquo;Red Robin&rsquo;"},"content":{"rendered":"<p>Arbuste persistant \u00e9rig\u00e9 aux feuilles lanc\u00e9ol\u00e9es \u00e0 elliptiques \u00e0 l\u2019inverse, coriaces, de couleur vert fonc\u00e9, allant du bronze au rouge vif en jeune \u00e2ge. \u00c0 la moiti\u00e9-fin du printemps, il donne des fleurs blanches en panicules. Exposition ensoleill\u00e9e. R\u00e9sistant \u00e0 la s\u00e9cheresse. Craint l\u2019exc\u00e8s d\u2019eau et les tr\u00e8s fortes gel\u00e9es (-20\u00b0C).<\/p>\n","protected":false},"excerpt":{"rendered":"<p>Arbuste persistant \u00e9rig\u00e9 aux feuilles lanc\u00e9ol\u00e9es \u00e0 elliptiques \u00e0 l\u2019inverse, coriaces, de couleur vert fonc\u00e9, allant du bronze au rouge vif en jeune \u00e2ge. \u00c0 la moiti\u00e9-fin du printemps, il donne des fleurs blanches en panicules. Exposition ensoleill\u00e9e. R\u00e9sistant \u00e0 la s\u00e9cheresse. Craint l\u2019exc\u00e8s d\u2019eau et les tr\u00e8s fortes gel\u00e9es (-20\u00b0C).<\/p>\n","protected":false},"featured_media":4447,"template":"","meta":{"_acf_changed":false},"product_brand":[],"product_cat":[8817],"product_tag":[10897,8452,6265,8497,6267,8539,6255,8580,8750,6266,8735,8400,8408,8424,8432],"class_list":{"0":"post-13098","1":"product","2":"type-product","3":"status-publish","4":"has-post-thumbnail","6":"product_cat-arbres-et-arbustes-persistants","7":"product_tag-naturelle","8":"product_tag-arche","9":"product_tag-boule","10":"product_tag-cepee-remontee","11":"product_tag-cone","12":"product_tag-cube-fr","13":"product_tag-demi-tige","14":"product_tag-demi-tige-espalier","15":"product_tag-espalier-fr","16":"product_tag-jardiniere","17":"product_tag-quart-de-tige","18":"product_tag-tige","19":"product_tag-tige-cone","20":"product_tag-tige-espalier","21":"product_tag-tige-plateau-dombrage","22":"pa_altezza-massima-300-fr-2","23":"pa_altezza-massima-500-fr","24":"pa_colore-fioritura-blanc","25":"pa_condizionamento-clt-fr","26":"pa_condizionamento-coupe-fr","27":"pa_condizionamento-vs-fr","28":"pa_condizionamento-pot-carre","29":"pa_famiglia-rosaceae-fr","30":"pa_genere-photinia-fr","31":"pa_origine-nouvelle-zelande-fr","32":"pa_periodo-fioritura-avril","33":"pa_periodo-fioritura-mars","34":"pa_portamento-eretto-fr","35":"pa_profumo-delicat","36":"pa_resistenza-climatica-moyenne-elevee","37":"pa_resistenza-del-suolo-resistant-aux-sols-calcaires","38":"pa_resistenza-del-suolo-resistant-aux-sols-secs","39":"pa_salinita-resistance-a-la-salinisation","40":"pa_utilizzo-haies","41":"pa_utilizzo-petits-jardins","43":"first","44":"instock","45":"purchasable","46":"product-type-simple"},"acf":[],"_links":{"self":[{"href":"https:\/\/innocentiemangonipiante.it\/fr\/wp-json\/wp\/v2\/product\/13098","targetHints":{"allow":["GET"]}}],"collection":[{"href":"https:\/\/innocentiemangonipiante.it\/fr\/wp-json\/wp\/v2\/product"}],"about":[{"href":"https:\/\/innocentiemangonipiante.it\/fr\/wp-json\/wp\/v2\/types\/product"}],"wp:featuredmedia":[{"embeddable":true,"href":"https:\/\/innocentiemangonipiante.it\/fr\/wp-json\/wp\/v2\/media\/4447"}],"wp:attachment":[{"href":"https:\/\/innocentiemangonipiante.it\/fr\/wp-json\/wp\/v2\/media?parent=13098"}],"wp:term":[{"taxonomy":"product_brand","embeddable":true,"href":"https:\/\/innocentiemangonipiante.it\/fr\/wp-json\/wp\/v2\/product_brand?post=13098"},{"taxonomy":"product_cat","embeddable":true,"href":"https:\/\/innocentiemangonipiante.it\/fr\/wp-json\/wp\/v2\/product_cat?post=13098"},{"taxonomy":"product_tag","embeddable":true,"href":"https:\/\/innocentiemangonipiante.it\/fr\/wp-json\/wp\/v2\/product_tag?post=13098"}],"curies":[{"name":"wp","href":"https:\/\/api.w.org\/{rel}","templated":true}]}}