{"id":13101,"date":"2023-11-04T02:14:56","date_gmt":"2023-11-04T01:14:56","guid":{"rendered":"http:\/\/innocentiemangonipiante.it\/photinia-x-fraseri-nana\/"},"modified":"2023-11-06T15:28:57","modified_gmt":"2023-11-06T14:28:57","slug":"photinia-x-fraseri-nana","status":"publish","type":"product","link":"https:\/\/innocentiemangonipiante.it\/fr\/photinia-x-fraseri-nana\/","title":{"rendered":"PHOTINIA x fraseri &lsquo;Nana&rsquo;"},"content":{"rendered":"<p>Le port est compact, la croissance lente. Feuille rondes, plus petites que la vari\u00e9t\u00e9 R.Robin. Nouvelle v\u00e9g\u00e9tation de couleur rouge vif.<\/p>\n","protected":false},"excerpt":{"rendered":"<p>Le port est compact, la croissance lente. Feuille rondes, plus petites que la vari\u00e9t\u00e9 R.Robin. Nouvelle v\u00e9g\u00e9tation de couleur rouge vif.<\/p>\n","protected":false},"featured_media":4439,"template":"","meta":{"_acf_changed":false},"product_brand":[],"product_cat":[8817],"product_tag":[10897],"class_list":{"0":"post-13101","1":"product","2":"type-product","3":"status-publish","4":"has-post-thumbnail","6":"product_cat-arbres-et-arbustes-persistants","7":"product_tag-naturelle","8":"pa_altezza-massima-150-fr","9":"pa_altezza-massima-200-fr","10":"pa_colore-delle-foglie-rouge","11":"pa_colore-fioritura-blanc","12":"pa_famiglia-rosaceae-fr","13":"pa_genere-photinia-fr","14":"pa_origine-nouvelle-zelande-fr","15":"pa_periodo-fioritura-avril","16":"pa_periodo-fioritura-mars","17":"pa_portamento-eretto-fr","18":"pa_profumo-delicat","19":"pa_resistenza-climatica-moyenne-elevee","20":"pa_resistenza-del-suolo-resistant-aux-sols-calcaires","21":"pa_resistenza-del-suolo-resistant-aux-sols-secs","22":"pa_salinita-resistance-a-la-salinisation","23":"pa_utilizzo-balcons","24":"pa_utilizzo-petits-jardins","26":"first","27":"instock","28":"purchasable","29":"product-type-simple"},"acf":[],"_links":{"self":[{"href":"https:\/\/innocentiemangonipiante.it\/fr\/wp-json\/wp\/v2\/product\/13101","targetHints":{"allow":["GET"]}}],"collection":[{"href":"https:\/\/innocentiemangonipiante.it\/fr\/wp-json\/wp\/v2\/product"}],"about":[{"href":"https:\/\/innocentiemangonipiante.it\/fr\/wp-json\/wp\/v2\/types\/product"}],"wp:featuredmedia":[{"embeddable":true,"href":"https:\/\/innocentiemangonipiante.it\/fr\/wp-json\/wp\/v2\/media\/4439"}],"wp:attachment":[{"href":"https:\/\/innocentiemangonipiante.it\/fr\/wp-json\/wp\/v2\/media?parent=13101"}],"wp:term":[{"taxonomy":"product_brand","embeddable":true,"href":"https:\/\/innocentiemangonipiante.it\/fr\/wp-json\/wp\/v2\/product_brand?post=13101"},{"taxonomy":"product_cat","embeddable":true,"href":"https:\/\/innocentiemangonipiante.it\/fr\/wp-json\/wp\/v2\/product_cat?post=13101"},{"taxonomy":"product_tag","embeddable":true,"href":"https:\/\/innocentiemangonipiante.it\/fr\/wp-json\/wp\/v2\/product_tag?post=13101"}],"curies":[{"name":"wp","href":"https:\/\/api.w.org\/{rel}","templated":true}]}}