{"id":13102,"date":"2023-11-04T02:14:49","date_gmt":"2023-11-04T01:14:49","guid":{"rendered":"http:\/\/innocentiemangonipiante.it\/photinia-x-fraseri-magical-volcano\/"},"modified":"2023-11-06T15:28:53","modified_gmt":"2023-11-06T14:28:53","slug":"photinia-x-fraseri-magical-volcano","status":"publish","type":"product","link":"https:\/\/innocentiemangonipiante.it\/fr\/photinia-x-fraseri-magical-volcano\/","title":{"rendered":"PHOTINIA x fraseri &lsquo;Magical Volcano&rsquo; \u00ae"},"content":{"rendered":"<p>Vari\u00e9t\u00e9 qui se distingue par le bord des feuilles extr\u00eamement dentel\u00e9, par la pousse compacte et la couleur rouge durable des nouvelles pousses.<\/p>\n","protected":false},"excerpt":{"rendered":"<p>Vari\u00e9t\u00e9 qui se distingue par le bord des feuilles extr\u00eamement dentel\u00e9, par la pousse compacte et la couleur rouge durable des nouvelles pousses.<\/p>\n","protected":false},"featured_media":4433,"template":"","meta":{"_acf_changed":false},"product_brand":[],"product_cat":[8817],"product_tag":[10897,6255],"class_list":{"0":"post-13102","1":"product","2":"type-product","3":"status-publish","4":"has-post-thumbnail","6":"product_cat-arbres-et-arbustes-persistants","7":"product_tag-naturelle","8":"product_tag-demi-tige","9":"pa_altezza-massima-200-fr","10":"pa_altezza-massima-300-fr-2","11":"pa_colore-delle-foglie-rouge","12":"pa_colore-fioritura-blanc","13":"pa_condizionamento-clt-fr","14":"pa_condizionamento-vs-fr","15":"pa_famiglia-rosaceae-fr","16":"pa_genere-photinia-fr","17":"pa_origine-hollande","18":"pa_periodo-fioritura-avril","19":"pa_periodo-fioritura-mars","20":"pa_portamento-eretto-fr","21":"pa_profumo-delicat","22":"pa_resistenza-climatica-tres-elevee","23":"pa_resistenza-del-suolo-resistant-aux-sols-calcaires","24":"pa_resistenza-del-suolo-resistant-aux-sols-secs","25":"pa_salinita-resistance-a-la-salinisation","26":"pa_utilizzo-haies","27":"pa_utilizzo-parcs","28":"pa_utilizzo-petits-jardins","30":"first","31":"instock","32":"purchasable","33":"product-type-simple"},"acf":[],"_links":{"self":[{"href":"https:\/\/innocentiemangonipiante.it\/fr\/wp-json\/wp\/v2\/product\/13102","targetHints":{"allow":["GET"]}}],"collection":[{"href":"https:\/\/innocentiemangonipiante.it\/fr\/wp-json\/wp\/v2\/product"}],"about":[{"href":"https:\/\/innocentiemangonipiante.it\/fr\/wp-json\/wp\/v2\/types\/product"}],"wp:featuredmedia":[{"embeddable":true,"href":"https:\/\/innocentiemangonipiante.it\/fr\/wp-json\/wp\/v2\/media\/4433"}],"wp:attachment":[{"href":"https:\/\/innocentiemangonipiante.it\/fr\/wp-json\/wp\/v2\/media?parent=13102"}],"wp:term":[{"taxonomy":"product_brand","embeddable":true,"href":"https:\/\/innocentiemangonipiante.it\/fr\/wp-json\/wp\/v2\/product_brand?post=13102"},{"taxonomy":"product_cat","embeddable":true,"href":"https:\/\/innocentiemangonipiante.it\/fr\/wp-json\/wp\/v2\/product_cat?post=13102"},{"taxonomy":"product_tag","embeddable":true,"href":"https:\/\/innocentiemangonipiante.it\/fr\/wp-json\/wp\/v2\/product_tag?post=13102"}],"curies":[{"name":"wp","href":"https:\/\/api.w.org\/{rel}","templated":true}]}}