{"id":13105,"date":"2023-11-04T02:16:27","date_gmt":"2023-11-04T01:16:27","guid":{"rendered":"http:\/\/innocentiemangonipiante.it\/physocarpus-opulifolius-diabolo\/"},"modified":"2023-11-06T15:30:30","modified_gmt":"2023-11-06T14:30:30","slug":"physocarpus-opulifolius-diabolo","status":"publish","type":"product","link":"https:\/\/innocentiemangonipiante.it\/fr\/physocarpus-opulifolius-diabolo\/","title":{"rendered":"PHYSOCARPUS opulifolius &lsquo;Diabolo&rsquo;"},"content":{"rendered":"<p>Arbuste caduc \u00e0 croissance rapide, avec feuilles tri-lob\u00e9es, rouge fonc\u00e9es jusqu\u2019\u00e0 10 cm de longueur. En juin\/juillet il produit des fleurs blanches-rose-pale, suivies par des fruits rouges.<\/p>\n","protected":false},"excerpt":{"rendered":"<p>Arbuste caduc \u00e0 croissance rapide, avec feuilles tri-lob\u00e9es, rouge fonc\u00e9es jusqu\u2019\u00e0 10 cm de longueur. En juin\/juillet il produit des fleurs blanches-rose-pale, suivies par des fruits rouges.<\/p>\n","protected":false},"featured_media":4459,"template":"","meta":{"_acf_changed":false},"product_brand":[],"product_cat":[8812],"product_tag":[10897],"class_list":{"0":"post-13105","1":"product","2":"type-product","3":"status-publish","4":"has-post-thumbnail","6":"product_cat-arbres-et-arbustes-a-feuilles-caduques","7":"product_tag-naturelle","8":"pa_altezza-massima-200-fr","9":"pa_altezza-massima-300-fr-2","10":"pa_colore-delle-foglie-rouge","11":"pa_colore-fioritura-blanc","12":"pa_condizionamento-clt-fr","13":"pa_condizionamento-vs-fr","14":"pa_famiglia-rosaceae-fr","15":"pa_genere-physocarpus-fr","16":"pa_inquinamento-resistance-a-la-pollution","17":"pa_origine-origine-delle-piante-u-s-a","18":"pa_periodo-fioritura-juillet","19":"pa_periodo-fioritura-juin","20":"pa_periodo-fruttificazione-septembre","21":"pa_portamento-arrondi","22":"pa_resistenza-climatica-tres-elevee","23":"pa_resistenza-del-suolo-resistant-au-sol-humide","24":"pa_salinita-resistance-a-la-salinisation","25":"pa_utilizzo-parcs","26":"pa_utilizzo-petits-jardins","28":"first","29":"instock","30":"purchasable","31":"product-type-simple"},"acf":[],"_links":{"self":[{"href":"https:\/\/innocentiemangonipiante.it\/fr\/wp-json\/wp\/v2\/product\/13105","targetHints":{"allow":["GET"]}}],"collection":[{"href":"https:\/\/innocentiemangonipiante.it\/fr\/wp-json\/wp\/v2\/product"}],"about":[{"href":"https:\/\/innocentiemangonipiante.it\/fr\/wp-json\/wp\/v2\/types\/product"}],"wp:featuredmedia":[{"embeddable":true,"href":"https:\/\/innocentiemangonipiante.it\/fr\/wp-json\/wp\/v2\/media\/4459"}],"wp:attachment":[{"href":"https:\/\/innocentiemangonipiante.it\/fr\/wp-json\/wp\/v2\/media?parent=13105"}],"wp:term":[{"taxonomy":"product_brand","embeddable":true,"href":"https:\/\/innocentiemangonipiante.it\/fr\/wp-json\/wp\/v2\/product_brand?post=13105"},{"taxonomy":"product_cat","embeddable":true,"href":"https:\/\/innocentiemangonipiante.it\/fr\/wp-json\/wp\/v2\/product_cat?post=13105"},{"taxonomy":"product_tag","embeddable":true,"href":"https:\/\/innocentiemangonipiante.it\/fr\/wp-json\/wp\/v2\/product_tag?post=13105"}],"curies":[{"name":"wp","href":"https:\/\/api.w.org\/{rel}","templated":true}]}}