{"id":13106,"date":"2023-11-04T02:16:13","date_gmt":"2023-11-04T01:16:13","guid":{"rendered":"http:\/\/innocentiemangonipiante.it\/physocarpus-opulifolius-darts-gold\/"},"modified":"2023-11-06T15:30:25","modified_gmt":"2023-11-06T14:30:25","slug":"physocarpus-opulifolius-darts-gold","status":"publish","type":"product","link":"https:\/\/innocentiemangonipiante.it\/fr\/physocarpus-opulifolius-darts-gold\/","title":{"rendered":"PHYSOCARPUS opulifolius &lsquo;Dart&rsquo;s Gold&rsquo;"},"content":{"rendered":"<p>Il se distingue par son feuillage jaune dor\u00e9 du printemps \u00e0 la fin de l\u2019\u00e9t\u00e9 et par sa couleur automnale particuli\u00e8rement belle.<\/p>\n","protected":false},"excerpt":{"rendered":"<p>Il se distingue par son feuillage jaune dor\u00e9 du printemps \u00e0 la fin de l\u2019\u00e9t\u00e9 et par sa couleur automnale particuli\u00e8rement belle.<\/p>\n","protected":false},"featured_media":4453,"template":"","meta":{"_acf_changed":false},"product_brand":[],"product_cat":[8812],"product_tag":[10897],"class_list":{"0":"post-13106","1":"product","2":"type-product","3":"status-publish","4":"has-post-thumbnail","6":"product_cat-arbres-et-arbustes-a-feuilles-caduques","7":"product_tag-naturelle","8":"pa_altezza-massima-150-fr","9":"pa_altezza-massima-200-fr","10":"pa_colore-delle-foglie-jaune","11":"pa_colore-fioritura-blanc","12":"pa_condizionamento-clt-fr","13":"pa_condizionamento-vs-fr","14":"pa_famiglia-rosaceae-fr","15":"pa_genere-physocarpus-fr","16":"pa_origine-origine-delle-piante-u-s-a","17":"pa_periodo-fioritura-juillet","18":"pa_periodo-fioritura-juin","19":"pa_portamento-arrondi","20":"pa_resistenza-climatica-tres-elevee","21":"pa_resistenza-del-suolo-resistant-au-sol-humide","22":"pa_utilizzo-parcs","23":"pa_utilizzo-petits-jardins","25":"first","26":"instock","27":"purchasable","28":"product-type-simple"},"acf":[],"_links":{"self":[{"href":"https:\/\/innocentiemangonipiante.it\/fr\/wp-json\/wp\/v2\/product\/13106","targetHints":{"allow":["GET"]}}],"collection":[{"href":"https:\/\/innocentiemangonipiante.it\/fr\/wp-json\/wp\/v2\/product"}],"about":[{"href":"https:\/\/innocentiemangonipiante.it\/fr\/wp-json\/wp\/v2\/types\/product"}],"wp:featuredmedia":[{"embeddable":true,"href":"https:\/\/innocentiemangonipiante.it\/fr\/wp-json\/wp\/v2\/media\/4453"}],"wp:attachment":[{"href":"https:\/\/innocentiemangonipiante.it\/fr\/wp-json\/wp\/v2\/media?parent=13106"}],"wp:term":[{"taxonomy":"product_brand","embeddable":true,"href":"https:\/\/innocentiemangonipiante.it\/fr\/wp-json\/wp\/v2\/product_brand?post=13106"},{"taxonomy":"product_cat","embeddable":true,"href":"https:\/\/innocentiemangonipiante.it\/fr\/wp-json\/wp\/v2\/product_cat?post=13106"},{"taxonomy":"product_tag","embeddable":true,"href":"https:\/\/innocentiemangonipiante.it\/fr\/wp-json\/wp\/v2\/product_tag?post=13106"}],"curies":[{"name":"wp","href":"https:\/\/api.w.org\/{rel}","templated":true}]}}