{"id":13107,"date":"2023-11-04T02:19:09","date_gmt":"2023-11-04T01:19:09","guid":{"rendered":"http:\/\/innocentiemangonipiante.it\/picea-pungens-iseli-fastigiate\/"},"modified":"2023-11-06T15:31:43","modified_gmt":"2023-11-06T14:31:43","slug":"picea-pungens-iseli-fastigiate","status":"publish","type":"product","link":"https:\/\/innocentiemangonipiante.it\/fr\/picea-pungens-iseli-fastigiate\/","title":{"rendered":"PICEA pungens &lsquo;Iseli Fastigiate&rsquo;"},"content":{"rendered":"<p>S\u00e9lection fastigi\u00e9e de Picea p. \u2018Glauca Hoopsii\u2019. Tr\u00e8s \u00e9l\u00e9gante gr\u00e2ce au port \u00e9troit et compact.<\/p>\n","protected":false},"excerpt":{"rendered":"<p>S\u00e9lection fastigi\u00e9e de Picea p. \u2018Glauca Hoopsii\u2019. Tr\u00e8s \u00e9l\u00e9gante gr\u00e2ce au port \u00e9troit et compact.<\/p>\n","protected":false},"featured_media":4543,"template":"","meta":{"_acf_changed":false},"product_brand":[],"product_cat":[8824],"product_tag":[10897],"class_list":{"0":"post-13107","1":"product","2":"type-product","3":"status-publish","4":"has-post-thumbnail","6":"product_cat-coniferes","7":"product_tag-naturelle","8":"pa_altezza-massima-800-fr","9":"pa_altezza-massima-12-metres","10":"pa_colore-delle-foglie-bleu","11":"pa_condizionamento-clt-fr","12":"pa_condizionamento-motte","13":"pa_famiglia-pinaceae-fr","14":"pa_genere-picea-fr","15":"pa_origine-origine-delle-piante-u-s-a","16":"pa_portamento-fastigiato-fr","17":"pa_resistenza-climatica-tres-elevee","18":"pa_resistenza-del-suolo-resistant-aux-sols-secs","19":"pa_utilizzo-parcs","20":"pa_utilizzo-petits-jardins","22":"first","23":"instock","24":"purchasable","25":"product-type-simple"},"acf":[],"_links":{"self":[{"href":"https:\/\/innocentiemangonipiante.it\/fr\/wp-json\/wp\/v2\/product\/13107","targetHints":{"allow":["GET"]}}],"collection":[{"href":"https:\/\/innocentiemangonipiante.it\/fr\/wp-json\/wp\/v2\/product"}],"about":[{"href":"https:\/\/innocentiemangonipiante.it\/fr\/wp-json\/wp\/v2\/types\/product"}],"wp:featuredmedia":[{"embeddable":true,"href":"https:\/\/innocentiemangonipiante.it\/fr\/wp-json\/wp\/v2\/media\/4543"}],"wp:attachment":[{"href":"https:\/\/innocentiemangonipiante.it\/fr\/wp-json\/wp\/v2\/media?parent=13107"}],"wp:term":[{"taxonomy":"product_brand","embeddable":true,"href":"https:\/\/innocentiemangonipiante.it\/fr\/wp-json\/wp\/v2\/product_brand?post=13107"},{"taxonomy":"product_cat","embeddable":true,"href":"https:\/\/innocentiemangonipiante.it\/fr\/wp-json\/wp\/v2\/product_cat?post=13107"},{"taxonomy":"product_tag","embeddable":true,"href":"https:\/\/innocentiemangonipiante.it\/fr\/wp-json\/wp\/v2\/product_tag?post=13107"}],"curies":[{"name":"wp","href":"https:\/\/api.w.org\/{rel}","templated":true}]}}