{"id":13108,"date":"2023-11-04T02:19:03","date_gmt":"2023-11-04T01:19:03","guid":{"rendered":"http:\/\/innocentiemangonipiante.it\/picea-pungens-hoopsii\/"},"modified":"2023-11-06T15:31:40","modified_gmt":"2023-11-06T14:31:40","slug":"picea-pungens-hoopsii","status":"publish","type":"product","link":"https:\/\/innocentiemangonipiante.it\/fr\/picea-pungens-hoopsii\/","title":{"rendered":"PICEA pungens &lsquo;Hoopsii&rsquo;"},"content":{"rendered":"<p>Conif\u00e8re au port conique avec \u00e9corce squameuse de couleur gris pourpre, aiguilles rigides quadrangulaire et pointe aigu\u00eb de couleur blanc-bleu glauques. Donne des c\u00f4nes femelles cylindriques verts et puis marron mesurant jusqu\u2019\u00e0 12 cm.<\/p>\n","protected":false},"excerpt":{"rendered":"<p>Conif\u00e8re au port conique avec \u00e9corce squameuse de couleur gris pourpre, aiguilles rigides quadrangulaire et pointe aigu\u00eb de couleur blanc-bleu glauques. Donne des c\u00f4nes femelles cylindriques verts et puis marron mesurant jusqu\u2019\u00e0 12 cm.<\/p>\n","protected":false},"featured_media":4537,"template":"","meta":{"_acf_changed":false},"product_brand":[],"product_cat":[8824],"product_tag":[10897],"class_list":{"0":"post-13108","1":"product","2":"type-product","3":"status-publish","4":"has-post-thumbnail","6":"product_cat-coniferes","7":"product_tag-naturelle","8":"pa_altezza-massima-1000-fr-2","9":"pa_altezza-massima-15-metres","10":"pa_colore-delle-foglie-bleu","11":"pa_condizionamento-clt-fr","12":"pa_condizionamento-motte","13":"pa_famiglia-pinaceae-fr","14":"pa_genere-picea-fr","15":"pa_inquinamento-resistance-a-la-pollution","16":"pa_origine-origine-delle-piante-u-s-a","17":"pa_portamento-piramidale-fr","18":"pa_resistenza-climatica-tres-elevee","19":"pa_utilizzo-parcs","20":"pa_utilizzo-petits-jardins","22":"first","23":"instock","24":"purchasable","25":"product-type-simple"},"acf":[],"_links":{"self":[{"href":"https:\/\/innocentiemangonipiante.it\/fr\/wp-json\/wp\/v2\/product\/13108","targetHints":{"allow":["GET"]}}],"collection":[{"href":"https:\/\/innocentiemangonipiante.it\/fr\/wp-json\/wp\/v2\/product"}],"about":[{"href":"https:\/\/innocentiemangonipiante.it\/fr\/wp-json\/wp\/v2\/types\/product"}],"wp:featuredmedia":[{"embeddable":true,"href":"https:\/\/innocentiemangonipiante.it\/fr\/wp-json\/wp\/v2\/media\/4537"}],"wp:attachment":[{"href":"https:\/\/innocentiemangonipiante.it\/fr\/wp-json\/wp\/v2\/media?parent=13108"}],"wp:term":[{"taxonomy":"product_brand","embeddable":true,"href":"https:\/\/innocentiemangonipiante.it\/fr\/wp-json\/wp\/v2\/product_brand?post=13108"},{"taxonomy":"product_cat","embeddable":true,"href":"https:\/\/innocentiemangonipiante.it\/fr\/wp-json\/wp\/v2\/product_cat?post=13108"},{"taxonomy":"product_tag","embeddable":true,"href":"https:\/\/innocentiemangonipiante.it\/fr\/wp-json\/wp\/v2\/product_tag?post=13108"}],"curies":[{"name":"wp","href":"https:\/\/api.w.org\/{rel}","templated":true}]}}