{"id":13109,"date":"2023-11-04T02:18:46","date_gmt":"2023-11-04T01:18:46","guid":{"rendered":"http:\/\/innocentiemangonipiante.it\/picea-pungens-glauca-globosa\/"},"modified":"2023-11-06T15:31:27","modified_gmt":"2023-11-06T14:31:27","slug":"picea-pungens-glauca-globosa","status":"publish","type":"product","link":"https:\/\/innocentiemangonipiante.it\/fr\/picea-pungens-glauca-globosa\/","title":{"rendered":"PICEA pungens &lsquo;Glauca Globosa&rsquo;"},"content":{"rendered":"<p>Conif\u00e8re de forme naine aux aiguilles rigides quadrangulaires \u00e0 la pointe aigu\u00eb de couleur bleu argent\u00e9. Le port est globuleux.<\/p>\n","protected":false},"excerpt":{"rendered":"<p>Conif\u00e8re de forme naine aux aiguilles rigides quadrangulaires \u00e0 la pointe aigu\u00eb de couleur bleu argent\u00e9. Le port est globuleux.<\/p>\n","protected":false},"featured_media":4531,"template":"","meta":{"_acf_changed":false},"product_brand":[],"product_cat":[8824],"product_tag":[10897,6255,8735],"class_list":{"0":"post-13109","1":"product","2":"type-product","3":"status-publish","4":"has-post-thumbnail","6":"product_cat-coniferes","7":"product_tag-naturelle","8":"product_tag-demi-tige","9":"product_tag-quart-de-tige","10":"pa_altezza-massima-200-fr","11":"pa_altezza-massima-300-fr-2","12":"pa_colore-delle-foglie-bleu","13":"pa_condizionamento-clt-fr","14":"pa_condizionamento-vs-fr","15":"pa_condizionamento-motte","16":"pa_famiglia-pinaceae-fr","17":"pa_genere-picea-fr","18":"pa_inquinamento-resistance-a-la-pollution","19":"pa_origine-mexique","20":"pa_portamento-arrondi","21":"pa_resistenza-climatica-tres-elevee","22":"pa_resistenza-del-suolo-resistant-aux-sols-calcaires","23":"pa_resistenza-del-suolo-resistant-aux-sols-secs","24":"pa_salinita-resistance-a-la-salinisation","25":"pa_utilizzo-parcs","26":"pa_utilizzo-petits-jardins","28":"first","29":"instock","30":"purchasable","31":"product-type-simple"},"acf":[],"_links":{"self":[{"href":"https:\/\/innocentiemangonipiante.it\/fr\/wp-json\/wp\/v2\/product\/13109","targetHints":{"allow":["GET"]}}],"collection":[{"href":"https:\/\/innocentiemangonipiante.it\/fr\/wp-json\/wp\/v2\/product"}],"about":[{"href":"https:\/\/innocentiemangonipiante.it\/fr\/wp-json\/wp\/v2\/types\/product"}],"wp:featuredmedia":[{"embeddable":true,"href":"https:\/\/innocentiemangonipiante.it\/fr\/wp-json\/wp\/v2\/media\/4531"}],"wp:attachment":[{"href":"https:\/\/innocentiemangonipiante.it\/fr\/wp-json\/wp\/v2\/media?parent=13109"}],"wp:term":[{"taxonomy":"product_brand","embeddable":true,"href":"https:\/\/innocentiemangonipiante.it\/fr\/wp-json\/wp\/v2\/product_brand?post=13109"},{"taxonomy":"product_cat","embeddable":true,"href":"https:\/\/innocentiemangonipiante.it\/fr\/wp-json\/wp\/v2\/product_cat?post=13109"},{"taxonomy":"product_tag","embeddable":true,"href":"https:\/\/innocentiemangonipiante.it\/fr\/wp-json\/wp\/v2\/product_tag?post=13109"}],"curies":[{"name":"wp","href":"https:\/\/api.w.org\/{rel}","templated":true}]}}