{"id":13112,"date":"2023-11-04T02:18:26","date_gmt":"2023-11-04T01:18:26","guid":{"rendered":"http:\/\/innocentiemangonipiante.it\/picea-pungens-edith\/"},"modified":"2023-11-06T15:31:18","modified_gmt":"2023-11-06T14:31:18","slug":"picea-pungens-edith","status":"publish","type":"product","link":"https:\/\/innocentiemangonipiante.it\/fr\/picea-pungens-edith\/","title":{"rendered":"PICEA pungens &lsquo;Edith&rsquo;"},"content":{"rendered":"<p>Conif\u00e8re \u00e0 port conique et \u00e0 pousse lente. Aiguilles bleu clair sur des branches horizontales ou l\u00e9g\u00e8rement \u00e9rig\u00e9es. Il produit des c\u00f4nes oblongs verts en \u00e9t\u00e9 qui deviennent marron clair avant l\u2019automne.<\/p>\n","protected":false},"excerpt":{"rendered":"<p>Conif\u00e8re \u00e0 port conique et \u00e0 pousse lente. Aiguilles bleu clair sur des branches horizontales ou l\u00e9g\u00e8rement \u00e9rig\u00e9es. Il produit des c\u00f4nes oblongs verts en \u00e9t\u00e9 qui deviennent marron clair avant l\u2019automne.<\/p>\n","protected":false},"featured_media":4508,"template":"","meta":{"_acf_changed":false},"product_brand":[],"product_cat":[8824],"product_tag":[10897],"class_list":{"0":"post-13112","1":"product","2":"type-product","3":"status-publish","4":"has-post-thumbnail","6":"product_cat-coniferes","7":"product_tag-naturelle","8":"pa_altezza-massima-300-fr-2","9":"pa_altezza-massima-350-fr","10":"pa_colore-delle-foglie-bleu","11":"pa_condizionamento-clt-fr","12":"pa_condizionamento-motte","13":"pa_famiglia-pinaceae-fr","14":"pa_genere-picea-fr","15":"pa_origine-hongrie","16":"pa_portamento-conico-fr","17":"pa_resistenza-climatica-tres-elevee","18":"pa_resistenza-del-suolo-resistant-au-sol-humide","19":"pa_resistenza-del-suolo-resistant-aux-sols-secs","20":"pa_utilizzo-parcs","21":"pa_utilizzo-petits-jardins","23":"first","24":"instock","25":"purchasable","26":"product-type-simple"},"acf":[],"_links":{"self":[{"href":"https:\/\/innocentiemangonipiante.it\/fr\/wp-json\/wp\/v2\/product\/13112","targetHints":{"allow":["GET"]}}],"collection":[{"href":"https:\/\/innocentiemangonipiante.it\/fr\/wp-json\/wp\/v2\/product"}],"about":[{"href":"https:\/\/innocentiemangonipiante.it\/fr\/wp-json\/wp\/v2\/types\/product"}],"wp:featuredmedia":[{"embeddable":true,"href":"https:\/\/innocentiemangonipiante.it\/fr\/wp-json\/wp\/v2\/media\/4508"}],"wp:attachment":[{"href":"https:\/\/innocentiemangonipiante.it\/fr\/wp-json\/wp\/v2\/media?parent=13112"}],"wp:term":[{"taxonomy":"product_brand","embeddable":true,"href":"https:\/\/innocentiemangonipiante.it\/fr\/wp-json\/wp\/v2\/product_brand?post=13112"},{"taxonomy":"product_cat","embeddable":true,"href":"https:\/\/innocentiemangonipiante.it\/fr\/wp-json\/wp\/v2\/product_cat?post=13112"},{"taxonomy":"product_tag","embeddable":true,"href":"https:\/\/innocentiemangonipiante.it\/fr\/wp-json\/wp\/v2\/product_tag?post=13112"}],"curies":[{"name":"wp","href":"https:\/\/api.w.org\/{rel}","templated":true}]}}