{"id":13113,"date":"2023-11-04T02:18:18","date_gmt":"2023-11-04T01:18:18","guid":{"rendered":"http:\/\/innocentiemangonipiante.it\/picea-pungens-blue-diamond\/"},"modified":"2023-11-06T15:31:15","modified_gmt":"2023-11-06T14:31:15","slug":"picea-pungens-blue-diamond","status":"publish","type":"product","link":"https:\/\/innocentiemangonipiante.it\/fr\/picea-pungens-blue-diamond\/","title":{"rendered":"PICEA pungens &lsquo;Blue Diamond&rsquo; \u00ae"},"content":{"rendered":"<p>Aiguilles bleu profond avec superposition argent. Il pousse environ 15 cm par ann\u00e9e. Bien ramifi\u00e9e de la base. Croissance pyramidale, propre et assez r\u00e9guli\u00e8re. Il ne n\u00e9cessite pas d&rsquo;\u00eatre taill\u00e9.<\/p>\n","protected":false},"excerpt":{"rendered":"<p>Aiguilles bleu profond avec superposition argent. Il pousse environ 15 cm par ann\u00e9e. Bien ramifi\u00e9e de la base. Croissance pyramidale, propre et assez r\u00e9guli\u00e8re. Il ne n\u00e9cessite pas d&rsquo;\u00eatre taill\u00e9.<\/p>\n","protected":false},"featured_media":4502,"template":"","meta":{"_acf_changed":false},"product_brand":[],"product_cat":[8824],"product_tag":[10897],"class_list":{"0":"post-13113","1":"product","2":"type-product","3":"status-publish","4":"has-post-thumbnail","6":"product_cat-coniferes","7":"product_tag-naturelle","8":"pa_altezza-massima-800-fr","9":"pa_altezza-massima-1000-fr-2","10":"pa_colore-delle-foglie-bleu","11":"pa_condizionamento-clt-fr","12":"pa_condizionamento-motte","13":"pa_famiglia-pinaceae-fr","14":"pa_genere-picea-fr","15":"pa_inquinamento-resistance-a-la-pollution","16":"pa_origine-origine-delle-piante-u-s-a","17":"pa_portamento-conico-fr","18":"pa_resistenza-climatica-tres-elevee","19":"pa_resistenza-del-suolo-resistant-aux-sols-calcaires","20":"pa_resistenza-del-suolo-resistant-aux-sols-secs","21":"pa_salinita-resistance-a-la-salinisation","22":"pa_utilizzo-parcs","23":"pa_utilizzo-petits-jardins","25":"first","26":"instock","27":"purchasable","28":"product-type-simple"},"acf":[],"_links":{"self":[{"href":"https:\/\/innocentiemangonipiante.it\/fr\/wp-json\/wp\/v2\/product\/13113","targetHints":{"allow":["GET"]}}],"collection":[{"href":"https:\/\/innocentiemangonipiante.it\/fr\/wp-json\/wp\/v2\/product"}],"about":[{"href":"https:\/\/innocentiemangonipiante.it\/fr\/wp-json\/wp\/v2\/types\/product"}],"wp:featuredmedia":[{"embeddable":true,"href":"https:\/\/innocentiemangonipiante.it\/fr\/wp-json\/wp\/v2\/media\/4502"}],"wp:attachment":[{"href":"https:\/\/innocentiemangonipiante.it\/fr\/wp-json\/wp\/v2\/media?parent=13113"}],"wp:term":[{"taxonomy":"product_brand","embeddable":true,"href":"https:\/\/innocentiemangonipiante.it\/fr\/wp-json\/wp\/v2\/product_brand?post=13113"},{"taxonomy":"product_cat","embeddable":true,"href":"https:\/\/innocentiemangonipiante.it\/fr\/wp-json\/wp\/v2\/product_cat?post=13113"},{"taxonomy":"product_tag","embeddable":true,"href":"https:\/\/innocentiemangonipiante.it\/fr\/wp-json\/wp\/v2\/product_tag?post=13113"}],"curies":[{"name":"wp","href":"https:\/\/api.w.org\/{rel}","templated":true}]}}